{"id":2984,"date":"2021-06-03T19:35:47","date_gmt":"2021-06-03T16:35:47","guid":{"rendered":"https:\/\/www.kukacollection.com\/?post_type=product&#038;p=2984"},"modified":"2021-06-03T19:36:15","modified_gmt":"2021-06-03T16:36:15","slug":"beyaz-inci-tercuman","status":"publish","type":"product","link":"https:\/\/www.kukacollection.com\/en\/product\/beyaz-inci-tercuman\/","title":{"rendered":"Beyaz \u0130nci Terc\u00fcman"},"content":{"rendered":"<p>Bir kurumun hedefleri ve ba\u015far\u0131lar\u0131, b\u00fcnyesinde yer alan her birey ve ba\u011fl\u0131 oldu\u011fu i\u015f ortaklar\u0131yla birlikte uyum i\u00e7erisinde \u00e7al\u0131\u015fman\u0131n sonucunda istenilen y\u00f6nde geli\u015fecektir. Her insan yapt\u0131klar\u0131n\u0131n bir kar\u015f\u0131l\u0131\u011f\u0131 olarak i\u00e7inde bulundu\u011fu kuruma \u201cait olma\u201d hissini ya\u015famak, ba\u011fl\u0131 oldu\u011fu yap\u0131 i\u00e7in de\u011ferli ve \u00f6nemli oldu\u011funu hissetmek ister.<\/p>\n<p>Varl\u0131\u011f\u0131n\u0131zdan memnuniyet duyan m\u00fc\u015fterilerinize verdi\u011finiz de\u011feri g\u00f6stermek veya \u00e7al\u0131\u015fanlar\u0131n\u0131za ba\u011fl\u0131 oldu\u011fu yap\u0131 i\u00e7in de\u011ferli ve \u00f6nemli oldu\u011funu hissettirmek, motivasyonu artt\u0131rmak, belirli g\u00fcn ve olaylar\u0131 g\u00fcndem de tutmak, kimi \u00f6zel g\u00fcnlerde mutlu etmek amac\u0131yla, veya ba\u011fl\u0131 oldu\u011funuz i\u015f ortaklar\u0131na birlikteli\u011finizden do\u011fan g\u00fcc\u00fc peki\u015ftirmek ama\u00e7l\u0131, ay\u0131rd\u0131\u011f\u0131n\u0131z b\u00fct\u00e7e dahilinde, hedef kitleye ula\u015fan, edinilmekten ho\u015flan\u0131lan bir objenin tasar\u0131m\u0131 i\u00e7in, deneyimli tasar\u0131m ekibimiz, sizin i\u00e7in \u00fcretmekten ho\u015flanaca\u011f\u0131 bir \u00e7al\u0131\u015fma s\u00fcrecine girmekten mutluluk duyacakt\u0131r.<\/p>\n<p>Kurumlara \u00f6zel \u00fcretim talepleri, amac\u0131na en uygun formu al\u0131ncaya dek \u00e7e\u015fitli a\u015famalardan ge\u00e7er. Bir objeyi tasarlamak, sadece hayal etmekten ziyade teknik olarak \u00fcretilebilir olmas\u0131 ile de do\u011fru orant\u0131l\u0131d\u0131r. Y\u0131llar\u0131n tecr\u00fcbesi ile, tasar\u0131m\u0131n yan\u0131 s\u0131ra \u00fcretim teknikleri konusundaki bilgi birikimiz, h\u0131zl\u0131, yenilik\u00e7i ve amac\u0131na uygun objelerin ortaya \u00e7\u0131kmas\u0131nda etkendir.<\/p>\n","protected":false},"excerpt":{"rendered":"<p>Bir kurumun hedefleri ve ba\u015far\u0131lar\u0131, b\u00fcnyesinde yer alan her birey ve ba\u011fl\u0131 oldu\u011fu i\u015f ortaklar\u0131yla birlikte uyum i\u00e7erisinde \u00e7al\u0131\u015fman\u0131n sonucunda istenilen y\u00f6nde geli\u015fecektir. Her insan yapt\u0131klar\u0131n\u0131n bir kar\u015f\u0131l\u0131\u011f\u0131 olarak i\u00e7inde bulundu\u011fu kuruma \u201cait olma\u201d hissini ya\u015famak, ba\u011fl\u0131 oldu\u011fu yap\u0131 i\u00e7in de\u011ferli ve \u00f6nemli oldu\u011funu hissetmek ister. Varl\u0131\u011f\u0131n\u0131zdan memnuniyet duyan m\u00fc\u015fterilerinize&hellip;<\/p>\n","protected":false},"featured_media":2987,"template":"","meta":[],"product_cat":[55,60],"product_tag":[],"class_list":["post-2984","product","type-product","status-publish","has-post-thumbnail","hentry","product_cat-corporate-design","product_cat-trophies"],"_links":{"self":[{"href":"https:\/\/www.kukacollection.com\/en\/wp-json\/wp\/v2\/product\/2984","targetHints":{"allow":["GET"]}}],"collection":[{"href":"https:\/\/www.kukacollection.com\/en\/wp-json\/wp\/v2\/product"}],"about":[{"href":"https:\/\/www.kukacollection.com\/en\/wp-json\/wp\/v2\/types\/product"}],"wp:featuredmedia":[{"embeddable":true,"href":"https:\/\/www.kukacollection.com\/en\/wp-json\/wp\/v2\/media\/2987"}],"wp:attachment":[{"href":"https:\/\/www.kukacollection.com\/en\/wp-json\/wp\/v2\/media?parent=2984"}],"wp:term":[{"taxonomy":"product_cat","embeddable":true,"href":"https:\/\/www.kukacollection.com\/en\/wp-json\/wp\/v2\/product_cat?post=2984"},{"taxonomy":"product_tag","embeddable":true,"href":"https:\/\/www.kukacollection.com\/en\/wp-json\/wp\/v2\/product_tag?post=2984"}],"curies":[{"name":"wp","href":"https:\/\/api.w.org\/{rel}","templated":true}]}}