{"id":2815,"date":"2021-06-01T01:03:04","date_gmt":"2021-05-31T22:03:04","guid":{"rendered":"https:\/\/www.kukacollection.com\/?post_type=product&#038;p=2815"},"modified":"2021-12-27T23:05:05","modified_gmt":"2021-12-27T20:05:05","slug":"burclu-kutu-ikizler","status":"publish","type":"product","link":"https:\/\/www.kukacollection.com\/en\/product\/burclu-kutu-ikizler\/","title":{"rendered":"BK \u0130kizler"},"content":{"rendered":"<p>\u0130nsano\u011flu, g\u00f6kcisimleri ile \u00e7ok eski zamanlardan beri ilgilenmektedir. G\u00f6kcisimleri mitologyas\u0131nda en \u00f6nemli yeri gezegenler ve bur\u00e7lar al\u0131r. Gezegenlerin, insanlar\u0131n baz\u0131 y\u00f6nlerini etkiledi\u011fi inan\u0131\u015f\u0131n\u0131 eski d\u00f6nem metinlerinde de g\u00f6rmekteyiz. Minyat\u00fcr sanat\u0131nda bur\u00e7lar \u00e7ok ilgin\u00e7 tasvirlerde g\u00f6r\u00fcnt\u00fclenmi\u015flerdir. Kuka Collection, o d\u00f6neme ait bur\u00e7 tasvirlerini kendi tarz\u0131nda yorumlayarak Bur\u00e7lu kutular serisi olarak sunmaktad\u0131r. \u00dcr\u00fcnlerin i\u00e7inde bulunan kitap\u00e7\u0131klarda herbir burcun \u00f6zellikleri d\u00f6nemin anlat\u0131m ve yorumlar\u0131yla sizlere aktar\u0131lmaktad\u0131r.<br \/>\nBur\u00e7lu kutular serimizde, Kuka Collection\u2019\u0131n kemik \u00fczerine eskitme tekni\u011fiyle, bur\u00e7lar\u0131n tarihi sembolleri ve eski isimlerinin yer ald\u0131\u011f\u0131 dekoratif bir tasar\u0131m bulunmaktad\u0131r. Tarih, astroloji, arkeoloji severlerin keyifle kullan\u0131m\u0131na sunulmu\u015ftur. M.\u00d6. 2500 y\u0131l\u0131ndan beri astrologlar g\u00f6k g\u00fcnl\u00fc\u011f\u00fc ad\u0131 verilen ve, ki\u015finin, kurumlar\u0131n hatta \u00fclkelerin do\u011fdu\u011fu y\u0131l, ay, g\u00fcn ve saatteki g\u00f6ky\u00fcz\u00fcndeki gezegenlerin konumlanmalar\u0131n\u0131 baz alarak y\u0131ld\u0131z haritas\u0131 olu\u015ftururlar. Do\u011fdu\u011funuz zaman g\u00fcne\u015fin bulundu\u011fu konum sizin burcunuzdur.<\/p>\n<p>&nbsp;<\/p>\n<p>\u00dcr\u00fcn \u00d6zellikleri<\/p>\n<p>*Masif ah\u015fap kasa<br \/>\n*Kemik efekt sentetik polimer, eskitme tekni\u011fi ile boyanm\u0131\u015ft\u0131r.<br \/>\n-Kadife zemin<\/p>\n","protected":false},"excerpt":{"rendered":"<p>Minyat\u00fcr sanat\u0131nda bur\u00e7lar \u00e7ok ilgin\u00e7 tasvirlerde g\u00f6r\u00fcnt\u00fclenmi\u015flerdir. Kuka Collection, o d\u00f6neme ait bur\u00e7 tasvirlerini kendi tarz\u0131nda yorumlayarak Bur\u00e7lu kutular serisi olarak sunmaktad\u0131r.<\/p>\n<p>Hava grubunun de\u011fi\u015fken bur\u00e7lar\u0131ndan biri olan ikizler bur\u00e7lar\u0131 (22 may\u0131s-22 haziran) keskin zekalar\u0131 ve hareketli ki\u015filik \u00f6zellikleriyle bilinirler. Merk\u00fcr\u2019\u00fcn y\u00f6netiminde olduklar\u0131ndan dolay\u0131 pozitif ileti\u015fim becerilerine sahiptirler.<\/p>\n","protected":false},"featured_media":2816,"template":"","meta":[],"product_cat":[75,56],"product_tag":[],"class_list":["post-2815","product","type-product","status-publish","has-post-thumbnail","hentry","product_cat-boxes-with-horoscope","product_cat-standard-items"],"_links":{"self":[{"href":"https:\/\/www.kukacollection.com\/en\/wp-json\/wp\/v2\/product\/2815","targetHints":{"allow":["GET"]}}],"collection":[{"href":"https:\/\/www.kukacollection.com\/en\/wp-json\/wp\/v2\/product"}],"about":[{"href":"https:\/\/www.kukacollection.com\/en\/wp-json\/wp\/v2\/types\/product"}],"wp:featuredmedia":[{"embeddable":true,"href":"https:\/\/www.kukacollection.com\/en\/wp-json\/wp\/v2\/media\/2816"}],"wp:attachment":[{"href":"https:\/\/www.kukacollection.com\/en\/wp-json\/wp\/v2\/media?parent=2815"}],"wp:term":[{"taxonomy":"product_cat","embeddable":true,"href":"https:\/\/www.kukacollection.com\/en\/wp-json\/wp\/v2\/product_cat?post=2815"},{"taxonomy":"product_tag","embeddable":true,"href":"https:\/\/www.kukacollection.com\/en\/wp-json\/wp\/v2\/product_tag?post=2815"}],"curies":[{"name":"wp","href":"https:\/\/api.w.org\/{rel}","templated":true}]}}