{"id":2790,"date":"2021-06-01T00:43:42","date_gmt":"2021-05-31T21:43:42","guid":{"rendered":"https:\/\/www.kukacollection.com\/?post_type=product&#038;p=2790"},"modified":"2021-06-01T00:44:25","modified_gmt":"2021-05-31T21:44:25","slug":"ciplak-cavusu","status":"publish","type":"product","link":"https:\/\/www.kukacollection.com\/en\/product\/ciplak-cavusu\/","title":{"rendered":"\u00c7IPLAK \u00c7AVU\u015eU"},"content":{"rendered":"<p>Yeni\u00e7erilerin, \u00f6zellikle kaptanpa\u015faya hizmet i\u00e7in olu\u015fturulmu\u015f bir s\u0131n\u0131ft\u0131r. Bu s\u0131n\u0131f Kaptanpa\u015fa K\u00fc\u00e7\u00fck H\u00fcseyin Pa\u015fa taraf\u0131ndan olu\u015fturulmu\u015ftur. Tersanede g\u00f6rev yaparlard\u0131. Ba\u015flar\u0131nda mavi p\u00fcsk\u00fcll\u00fc fes, s\u0131rtlar\u0131nda k\u0131sa, kolsuz salta, bacaklar\u0131nda ise dizlerinden bo\u011fumlu \u015falvar giyerlerdi. Bellerinde b\u00fcy\u00fck bir b\u0131\u00e7ak bulunurdu. Ba\u015flar\u0131ndaki amirlerine \u00c7\u0131plak \u00c7avu\u015fu denirdi. Dizlerinden a\u015fa\u011f\u0131lar\u0131 ve kollar\u0131 \u00e7\u0131plak oldu\u011fu i\u00e7in bu isimler verilmi\u015ftir.<\/p>\n","protected":false},"excerpt":{"rendered":"<p>Yeni\u00e7erilerin, \u00f6zellikle kaptanpa\u015faya hizmet i\u00e7in olu\u015fturulmu\u015f bir s\u0131n\u0131ft\u0131r.<\/p>\n","protected":false},"featured_media":2791,"template":"","meta":[],"product_cat":[77,56],"product_tag":[],"class_list":["post-2790","product","type-product","status-publish","has-post-thumbnail","hentry","product_cat-soldiers","product_cat-standard-items"],"_links":{"self":[{"href":"https:\/\/www.kukacollection.com\/en\/wp-json\/wp\/v2\/product\/2790","targetHints":{"allow":["GET"]}}],"collection":[{"href":"https:\/\/www.kukacollection.com\/en\/wp-json\/wp\/v2\/product"}],"about":[{"href":"https:\/\/www.kukacollection.com\/en\/wp-json\/wp\/v2\/types\/product"}],"wp:featuredmedia":[{"embeddable":true,"href":"https:\/\/www.kukacollection.com\/en\/wp-json\/wp\/v2\/media\/2791"}],"wp:attachment":[{"href":"https:\/\/www.kukacollection.com\/en\/wp-json\/wp\/v2\/media?parent=2790"}],"wp:term":[{"taxonomy":"product_cat","embeddable":true,"href":"https:\/\/www.kukacollection.com\/en\/wp-json\/wp\/v2\/product_cat?post=2790"},{"taxonomy":"product_tag","embeddable":true,"href":"https:\/\/www.kukacollection.com\/en\/wp-json\/wp\/v2\/product_tag?post=2790"}],"curies":[{"name":"wp","href":"https:\/\/api.w.org\/{rel}","templated":true}]}}