{"id":2783,"date":"2021-06-01T00:34:18","date_gmt":"2021-05-31T21:34:18","guid":{"rendered":"https:\/\/www.kukacollection.com\/?post_type=product&#038;p=2783"},"modified":"2021-06-01T00:36:27","modified_gmt":"2021-05-31T21:36:27","slug":"sadrazam","status":"publish","type":"product","link":"https:\/\/www.kukacollection.com\/en\/product\/sadrazam\/","title":{"rendered":"SADRAZAM"},"content":{"rendered":"<p>Osmanl\u0131 Devleti\u2019nde y\u00f6netim i\u015flerinden birinci derecede sorumlu, padi\u015fah\u0131n mutlak temsilcisi olan y\u00f6netici, b\u00fcy\u00fck vezirin ad\u0131d\u0131r. Bu makama atananlara \u00f6nceleri Vezirazam (Vezir-i Azam) denmi\u015f, 1656\u2019dan sonra da veziri azamla birlikte sadrazam s\u00f6zc\u00fc\u011f\u00fc kullan\u0131lm\u0131\u015ft\u0131r. Fatih Kanunnamesi\u2019nde sadrazam \u2018vezirlerin ve y\u00f6neticilerin ba\u015f\u0131, c\u00fcmlenin ulusudur; c\u00fcmle i\u015flerin vekil-i mutlak\u0131d\u0131r ve mal\u0131m\u0131n vekili defterdar\u0131md\u0131r, veziri azam naz\u0131d\u0131r ve oturmada ve durmada ve s\u0131ralamada veziriazam c\u00fcmlenin \u00f6n\u00fcndedir.\u2019 Bi\u00e7iminde tan\u0131mlam\u0131\u015ft\u0131r. Sadrazam yasalar\u0131 uygulamak, kamu d\u00fczenini ve \u00fclke g\u00fcvenli\u011fini sa\u011flamak, s\u00fcrg\u00fcn ve idamlar\u0131 uygulatmak, kamu d\u00fczenini ve \u00fclke g\u00fcvenli\u011fini sa\u011flamak, s\u00fcrg\u00fcn ve idamlar\u0131 uygulatmak, atama ve g\u00f6revden almalar\u0131 yapmak, dirlik ve mans\u0131blar\u0131 tevcih etmek gibi i\u015f ve g\u00f6revleri do\u011frudan yapar ve y\u00fcr\u00fct\u00fcrd\u00fc. Ordu ve ilmiye atamalar\u0131n\u0131 onaylar, padi\u015fah ad\u0131na gerekli buyruklar\u0131 verirdi.<\/p>\n","protected":false},"excerpt":{"rendered":"<p>Osmanl\u0131 Devleti\u2019nde y\u00f6netim i\u015flerinden birinci derecede sorumlu, padi\u015fah\u0131n mutlak temsilcisi olan y\u00f6netici, b\u00fcy\u00fck vezirin ad\u0131d\u0131r.<\/p>\n","protected":false},"featured_media":2784,"template":"","meta":[],"product_cat":[77,56],"product_tag":[],"class_list":["post-2783","product","type-product","status-publish","has-post-thumbnail","hentry","product_cat-soldiers","product_cat-standard-items"],"_links":{"self":[{"href":"https:\/\/www.kukacollection.com\/en\/wp-json\/wp\/v2\/product\/2783","targetHints":{"allow":["GET"]}}],"collection":[{"href":"https:\/\/www.kukacollection.com\/en\/wp-json\/wp\/v2\/product"}],"about":[{"href":"https:\/\/www.kukacollection.com\/en\/wp-json\/wp\/v2\/types\/product"}],"wp:featuredmedia":[{"embeddable":true,"href":"https:\/\/www.kukacollection.com\/en\/wp-json\/wp\/v2\/media\/2784"}],"wp:attachment":[{"href":"https:\/\/www.kukacollection.com\/en\/wp-json\/wp\/v2\/media?parent=2783"}],"wp:term":[{"taxonomy":"product_cat","embeddable":true,"href":"https:\/\/www.kukacollection.com\/en\/wp-json\/wp\/v2\/product_cat?post=2783"},{"taxonomy":"product_tag","embeddable":true,"href":"https:\/\/www.kukacollection.com\/en\/wp-json\/wp\/v2\/product_tag?post=2783"}],"curies":[{"name":"wp","href":"https:\/\/api.w.org\/{rel}","templated":true}]}}