{"id":2776,"date":"2021-06-01T00:11:24","date_gmt":"2021-05-31T21:11:24","guid":{"rendered":"https:\/\/www.kukacollection.com\/?post_type=product&#038;p=2776"},"modified":"2021-06-01T00:28:58","modified_gmt":"2021-05-31T21:28:58","slug":"tufekci","status":"publish","type":"product","link":"https:\/\/www.kukacollection.com\/en\/product\/tufekci\/","title":{"rendered":"T\u00dcFEK\u00c7\u0130"},"content":{"rendered":"<p>Osmanl\u0131da 18. yy reformlar\u0131 III. Selim\u2019in h\u00fck\u00fcmdarl\u0131k d\u00f6neminde (1789-1807) doru\u011funa ula\u015fm\u0131\u015ft\u0131. Daha \u015fehzadeli\u011fi s\u0131ras\u0131nda Osmanl\u0131 ordusunu modernle\u015ftirmeyi tasarlayan III. Selim, Avusturya ve Rusya\u2019ya kar\u015f\u0131 1787-92 sava\u015f\u0131 s\u00fcrerken tahta \u00e7\u0131kt\u0131\u011f\u0131ndan, d\u00fc\u015f\u00fcncelerini ger\u00e7ekle\u015ftirmek i\u00e7in sava\u015f\u0131n bitmesini beklemek zorunda kalm\u0131\u015ft\u0131. Bu reformlara en b\u00fcy\u00fck tepkiyi yeni\u00e7eri ortalar\u0131 g\u00f6stermi\u015f, bunun \u00fczerine III. Selim modern Avrupa silahlar\u0131yla donat\u0131lm\u0131\u015f, Nizam-\u0131 Cedid adl\u0131 yeni bir ordu kurmaya y\u00f6nelmi\u015fti. Bu yap\u0131lanmada, saray muhaf\u0131z te\u015fkilat\u0131 mensuplar\u0131na t\u00fcfek\u00e7i ad\u0131 verilmi\u015fti.<br \/>\nNizam-\u0131 Cedid yap\u0131lanmas\u0131nda, saray muhaf\u0131z te\u015fkilat\u0131 mensuplar\u0131na t\u00fcfek\u00e7i ad\u0131 verilmi\u015ftir.<\/p>\n","protected":false},"excerpt":{"rendered":"<p>Nizam-\u0131 Cedid yap\u0131lanmas\u0131nda, saray muhaf\u0131z te\u015fkilat\u0131 mensuplar\u0131na t\u00fcfek\u00e7i ad\u0131 verilmi\u015ftir.<\/p>\n","protected":false},"featured_media":2777,"template":"","meta":[],"product_cat":[77,56],"product_tag":[],"class_list":["post-2776","product","type-product","status-publish","has-post-thumbnail","hentry","product_cat-soldiers","product_cat-standard-items"],"_links":{"self":[{"href":"https:\/\/www.kukacollection.com\/en\/wp-json\/wp\/v2\/product\/2776","targetHints":{"allow":["GET"]}}],"collection":[{"href":"https:\/\/www.kukacollection.com\/en\/wp-json\/wp\/v2\/product"}],"about":[{"href":"https:\/\/www.kukacollection.com\/en\/wp-json\/wp\/v2\/types\/product"}],"wp:featuredmedia":[{"embeddable":true,"href":"https:\/\/www.kukacollection.com\/en\/wp-json\/wp\/v2\/media\/2777"}],"wp:attachment":[{"href":"https:\/\/www.kukacollection.com\/en\/wp-json\/wp\/v2\/media?parent=2776"}],"wp:term":[{"taxonomy":"product_cat","embeddable":true,"href":"https:\/\/www.kukacollection.com\/en\/wp-json\/wp\/v2\/product_cat?post=2776"},{"taxonomy":"product_tag","embeddable":true,"href":"https:\/\/www.kukacollection.com\/en\/wp-json\/wp\/v2\/product_tag?post=2776"}],"curies":[{"name":"wp","href":"https:\/\/api.w.org\/{rel}","templated":true}]}}