{"id":2761,"date":"2021-05-31T23:32:18","date_gmt":"2021-05-31T20:32:18","guid":{"rendered":"https:\/\/www.kukacollection.com\/?post_type=product&#038;p=2761"},"modified":"2021-05-31T23:42:04","modified_gmt":"2021-05-31T20:42:04","slug":"humbaraci","status":"publish","type":"product","link":"https:\/\/www.kukacollection.com\/en\/product\/humbaraci\/","title":{"rendered":"HUMBARACI"},"content":{"rendered":"<p>Zaman\u0131n top\u00e7ular\u0131 olarak bilinen humbarac\u0131lar havan topu ile humbara att\u0131klar\u0131 i\u00e7in kendilerine bu ad verilmi\u015ftir. Amirlerine humbarac\u0131ba\u015f\u0131 denirdi. Halk aras\u0131nda, humbara ve humbarac\u0131lar olarak adland\u0131r\u0131l\u0131rlard\u0131. Humbarahane olarak bilinen okullar\u0131, \u00dcsk\u00fcdar ve sonras\u0131nda Hal\u0131c\u0131o\u011flu\u2019nda yer ald\u0131. T\u0131marl\u0131 top\u00e7u subay\u0131 ve neferi, ayl\u0131kl\u0131 humbarac\u0131 zabiti gibi s\u0131n\u0131flara ayr\u0131lan humbarac\u0131lardan t\u0131marl\u0131 s\u0131n\u0131f\u0131, kendilerine verilen arazi kar\u015f\u0131l\u0131\u011f\u0131nda g\u00f6rev yaparlard\u0131. Humbara; yuvarlak demirden, i\u00e7i kur\u015fun ve barutla doldurulup elle veya havan topu ile at\u0131lan bir top mermisi.<\/p>\n","protected":false},"excerpt":{"rendered":"<p>Zaman\u0131n top\u00e7ular\u0131 olarak bilinen humbarac\u0131lar havan topu ile humbara att\u0131klar\u0131 i\u00e7in kendilerine bu ad verilmi\u015ftir<\/p>\n","protected":false},"featured_media":2762,"template":"","meta":[],"product_cat":[77,56],"product_tag":[],"class_list":["post-2761","product","type-product","status-publish","has-post-thumbnail","hentry","product_cat-soldiers","product_cat-standard-items"],"_links":{"self":[{"href":"https:\/\/www.kukacollection.com\/en\/wp-json\/wp\/v2\/product\/2761","targetHints":{"allow":["GET"]}}],"collection":[{"href":"https:\/\/www.kukacollection.com\/en\/wp-json\/wp\/v2\/product"}],"about":[{"href":"https:\/\/www.kukacollection.com\/en\/wp-json\/wp\/v2\/types\/product"}],"wp:featuredmedia":[{"embeddable":true,"href":"https:\/\/www.kukacollection.com\/en\/wp-json\/wp\/v2\/media\/2762"}],"wp:attachment":[{"href":"https:\/\/www.kukacollection.com\/en\/wp-json\/wp\/v2\/media?parent=2761"}],"wp:term":[{"taxonomy":"product_cat","embeddable":true,"href":"https:\/\/www.kukacollection.com\/en\/wp-json\/wp\/v2\/product_cat?post=2761"},{"taxonomy":"product_tag","embeddable":true,"href":"https:\/\/www.kukacollection.com\/en\/wp-json\/wp\/v2\/product_tag?post=2761"}],"curies":[{"name":"wp","href":"https:\/\/api.w.org\/{rel}","templated":true}]}}