{"id":2755,"date":"2021-05-31T23:28:50","date_gmt":"2021-05-31T20:28:50","guid":{"rendered":"https:\/\/www.kukacollection.com\/?post_type=product&#038;p=2755"},"modified":"2021-05-31T23:53:09","modified_gmt":"2021-05-31T20:53:09","slug":"hasekiaga","status":"publish","type":"product","link":"https:\/\/www.kukacollection.com\/en\/product\/hasekiaga\/","title":{"rendered":"HASEK\u0130A\u011eA"},"content":{"rendered":"<p>Saray mensubu olan bir b\u00f6l\u00fcme verilen isimdir. Yaln\u0131zca \u2018Haseki\u2019de denilirdi. Ancak kad\u0131nlarda bu \u00fcnvan\u0131 ta\u015f\u0131d\u0131klar\u0131 ve onlardan ay\u0131rmak i\u00e7in erkeklere \u2018Haseki A\u011fa\u2019 da denilirdi. Hasekilerin amir ve subaylar\u0131 \u2018Bostanc\u0131 ba\u015f\u0131\u2019 idi. S\u0131ras\u0131 ile Haseki A\u011fa, Ba\u015f tebdil, bostanc\u0131lar keth\u00fcdas\u0131, bostanc\u0131lar odaba\u015f\u0131s\u0131 gelirdi. Hasekiler padi\u015fah\u0131n veya ailesinin bir yerden bir yere gidi\u015flerinde \u00e7uhadarlar, peykler ve solaklarla birlikte yan\u0131nda bulunurlard\u0131. Baz\u0131 zamanlar; hasekiler h\u00fck\u00fcmdar taraf\u0131ndan gizli bir g\u00f6revle vallere veya gereken makamlara g\u00f6nderilirlerdi.<\/p>\n","protected":false},"excerpt":{"rendered":"<p>Saray mensubu olan hasekiler h\u00fck\u00fcmdar taraf\u0131ndan gizli bir g\u00f6revle valilere veya gereken makamlara g\u00f6nderilirlerdi.<\/p>\n","protected":false},"featured_media":2756,"template":"","meta":[],"product_cat":[77,56],"product_tag":[],"class_list":["post-2755","product","type-product","status-publish","has-post-thumbnail","hentry","product_cat-soldiers","product_cat-standard-items"],"_links":{"self":[{"href":"https:\/\/www.kukacollection.com\/en\/wp-json\/wp\/v2\/product\/2755","targetHints":{"allow":["GET"]}}],"collection":[{"href":"https:\/\/www.kukacollection.com\/en\/wp-json\/wp\/v2\/product"}],"about":[{"href":"https:\/\/www.kukacollection.com\/en\/wp-json\/wp\/v2\/types\/product"}],"wp:featuredmedia":[{"embeddable":true,"href":"https:\/\/www.kukacollection.com\/en\/wp-json\/wp\/v2\/media\/2756"}],"wp:attachment":[{"href":"https:\/\/www.kukacollection.com\/en\/wp-json\/wp\/v2\/media?parent=2755"}],"wp:term":[{"taxonomy":"product_cat","embeddable":true,"href":"https:\/\/www.kukacollection.com\/en\/wp-json\/wp\/v2\/product_cat?post=2755"},{"taxonomy":"product_tag","embeddable":true,"href":"https:\/\/www.kukacollection.com\/en\/wp-json\/wp\/v2\/product_tag?post=2755"}],"curies":[{"name":"wp","href":"https:\/\/api.w.org\/{rel}","templated":true}]}}