{"id":2749,"date":"2021-05-31T23:23:00","date_gmt":"2021-05-31T20:23:00","guid":{"rendered":"https:\/\/www.kukacollection.com\/?post_type=product&#038;p=2749"},"modified":"2021-05-31T23:23:00","modified_gmt":"2021-05-31T20:23:00","slug":"solak","status":"publish","type":"product","link":"https:\/\/www.kukacollection.com\/en\/product\/solak\/","title":{"rendered":"SOLAK"},"content":{"rendered":"<p>Yeni\u00e7eri oca\u011f\u0131n\u0131n 60,61,62 ve 69. ortalar\u0131na verilen isimdir. Bunlar aras\u0131na boylu poslular\u0131n se\u00e7ilerek Padi\u015fah\u2019\u0131n hizmetinde bulununlar\u0131na \u2018Solakan-\u0131 Hassa\u2019 denilirdi. Bunlardan olu\u015fan b\u00f6l\u00fcklerin ba\u015f\u0131na \u2018Solak Ba\u015f\u0131\u2019 ad\u0131 verilirdi. Solak te\u015fkilat\u0131 ilk defa Y\u0131ld\u0131r\u0131m Beyaz\u0131t taraf\u0131ndan kurulmu\u015ftur. Sava\u015flarda ve merasimlerde padi\u015fah\u0131n etraf\u0131nda yaya olarak y\u00fcr\u00fcrlerdi. Bir ge\u00e7it veya k\u00f6pr\u00fcden ge\u00e7ilirken, Solak ba\u015f\u0131 padi\u015fah\u0131n at\u0131n\u0131n dizginlerini tutarak at\u0131n \u00fcrkmemesine dikkat ederdi. Solakan-\u0131 Hassa onar ki\u015filik gruplara ayr\u0131l\u0131r ve her gruba bir bu\u00e7uk kar\u0131\u015f uzunlu\u011funda d\u00f6kme yald\u0131zl\u0131 ve \u00f6n taraf\u0131 selvi \u015feklinde ye\u015fil sorgu\u00e7lu k\u00fclah, \u00fczerinde sa\u00e7akl\u0131 entari, bacaklar\u0131nda k\u0131rm\u0131z\u0131 \u00e7ak\u015f\u0131r, ayaklar\u0131nda \u00e7ak\u015f\u0131ra dikilmi\u015f sar\u0131 mest, bunun \u00fczerine de sar\u0131 \u00e7izme giyerlerdi. Bellerine yald\u0131zl\u0131 sar\u0131 kemer takt\u0131klar\u0131 gibi bu kemere g\u00fcm\u00fc\u015f kabzal\u0131 uzun bir kama takarlard\u0131.<\/p>\n","protected":false},"excerpt":{"rendered":"<p>Yeni\u00e7eri oca\u011f\u0131n\u0131n 60,61,62 ve 69. ortalar\u0131na verilen isimdir.<\/p>\n","protected":false},"featured_media":2750,"template":"","meta":[],"product_cat":[77,56],"product_tag":[],"class_list":["post-2749","product","type-product","status-publish","has-post-thumbnail","hentry","product_cat-soldiers","product_cat-standard-items"],"_links":{"self":[{"href":"https:\/\/www.kukacollection.com\/en\/wp-json\/wp\/v2\/product\/2749","targetHints":{"allow":["GET"]}}],"collection":[{"href":"https:\/\/www.kukacollection.com\/en\/wp-json\/wp\/v2\/product"}],"about":[{"href":"https:\/\/www.kukacollection.com\/en\/wp-json\/wp\/v2\/types\/product"}],"wp:featuredmedia":[{"embeddable":true,"href":"https:\/\/www.kukacollection.com\/en\/wp-json\/wp\/v2\/media\/2750"}],"wp:attachment":[{"href":"https:\/\/www.kukacollection.com\/en\/wp-json\/wp\/v2\/media?parent=2749"}],"wp:term":[{"taxonomy":"product_cat","embeddable":true,"href":"https:\/\/www.kukacollection.com\/en\/wp-json\/wp\/v2\/product_cat?post=2749"},{"taxonomy":"product_tag","embeddable":true,"href":"https:\/\/www.kukacollection.com\/en\/wp-json\/wp\/v2\/product_tag?post=2749"}],"curies":[{"name":"wp","href":"https:\/\/api.w.org\/{rel}","templated":true}]}}