{"id":2743,"date":"2021-05-30T23:13:57","date_gmt":"2021-05-30T20:13:57","guid":{"rendered":"https:\/\/www.kukacollection.com\/?post_type=product&#038;p=2743"},"modified":"2021-05-30T23:13:57","modified_gmt":"2021-05-30T20:13:57","slug":"bascavus","status":"publish","type":"product","link":"https:\/\/www.kukacollection.com\/en\/product\/bascavus\/","title":{"rendered":"BA\u015e\u00c7AVU\u015e"},"content":{"rendered":"<p>Yeni\u00e7eri oca\u011f\u0131nda a\u011fa b\u00f6l\u00fcklerinden be\u015finci b\u00f6l\u00fc\u011f\u00fcn kumandan\u0131 ve b\u00fct\u00fcn oca\u011f\u0131n ba\u015f\u00e7avu\u015fu idi. Kendisinden ba\u015fka iki \u00e7avu\u015ftan, yani orta ve k\u00fc\u00e7\u00fck \u00e7avu\u015ftan ayr\u0131lmas\u0131 i\u00e7in bu ad verilmi\u015ftir. Yeni\u00e7eri oca\u011f\u0131n\u0131n da Keth\u00fcda dan sonra en yetliki subay\u0131 ba\u015f\u00e7avu\u015ftu. A\u011fa kap\u0131s\u0131 merdiveni ba\u015f\u0131nda durarak i\u015fi ve davas\u0131 olanlar\u0131 Kethuda ya bildirirdi. Kethuda\u2019da m\u00fcracaat eden yeni\u00e7erileri, yeni\u00e7eri a\u011fas\u0131na g\u00f6t\u00fcr\u00fcrd\u00fc. Kethuda olmad\u0131\u011f\u0131 zamanlarda da bu g\u00f6revi ba\u015f\u00e7avu\u015f yapard\u0131. A\u011fa kap\u0131s\u0131nda a\u011fa divan\u0131 ba\u015flamadan \u00f6nce her zaman okunan dua\u2019y\u0131 ba\u015f\u00e7avu\u015f yapard\u0131. Marsigli\u2019ye g\u00f6re: Yeni\u00e7eri oca\u011f\u0131na kat\u0131lan erlere, subaylara kesin itaatli olmalar\u0131n\u0131 \u00f6\u011fretmek i\u00e7in, yeni\u00e7eri olmak \u00fczere oca\u011fa kay\u0131tlar\u0131n\u0131 yapt\u0131r\u0131rlarken adet \u00fczerine ba\u015f\u00e7avu\u015f bunlara birer tokat vurmak \u00fczere ve kulaklar\u0131n\u0131 birer kere \u00e7evirmekle vazifelendirilirdi.<\/p>\n","protected":false},"excerpt":{"rendered":"<p>Yeni\u00e7eri oca\u011f\u0131nda a\u011fa b\u00f6l\u00fcklerinden be\u015finci b\u00f6l\u00fc\u011f\u00fcn kumandan\u0131 ve b\u00fct\u00fcn oca\u011f\u0131n ba\u015f\u00e7avu\u015fu idi.<\/p>\n","protected":false},"featured_media":2744,"template":"","meta":[],"product_cat":[77,56],"product_tag":[],"class_list":["post-2743","product","type-product","status-publish","has-post-thumbnail","hentry","product_cat-soldiers","product_cat-standard-items"],"_links":{"self":[{"href":"https:\/\/www.kukacollection.com\/en\/wp-json\/wp\/v2\/product\/2743","targetHints":{"allow":["GET"]}}],"collection":[{"href":"https:\/\/www.kukacollection.com\/en\/wp-json\/wp\/v2\/product"}],"about":[{"href":"https:\/\/www.kukacollection.com\/en\/wp-json\/wp\/v2\/types\/product"}],"wp:featuredmedia":[{"embeddable":true,"href":"https:\/\/www.kukacollection.com\/en\/wp-json\/wp\/v2\/media\/2744"}],"wp:attachment":[{"href":"https:\/\/www.kukacollection.com\/en\/wp-json\/wp\/v2\/media?parent=2743"}],"wp:term":[{"taxonomy":"product_cat","embeddable":true,"href":"https:\/\/www.kukacollection.com\/en\/wp-json\/wp\/v2\/product_cat?post=2743"},{"taxonomy":"product_tag","embeddable":true,"href":"https:\/\/www.kukacollection.com\/en\/wp-json\/wp\/v2\/product_tag?post=2743"}],"curies":[{"name":"wp","href":"https:\/\/api.w.org\/{rel}","templated":true}]}}