{"id":2737,"date":"2021-05-30T23:07:41","date_gmt":"2021-05-30T20:07:41","guid":{"rendered":"https:\/\/www.kukacollection.com\/?post_type=product&#038;p=2737"},"modified":"2021-05-30T23:10:21","modified_gmt":"2021-05-30T20:10:21","slug":"mektupcu","status":"publish","type":"product","link":"https:\/\/www.kukacollection.com\/en\/product\/mektupcu\/","title":{"rendered":"MEKTUP\u00c7U"},"content":{"rendered":"<p>Resmi dairelerde yaz\u0131 i\u015fleri ile me\u015fgul olan idare kalbinin ba\u015f\u0131nda bulunan memura verilen isimdir. Mektup\u00e7uya \u2018Mektubi\u2019 de denilirdi. Eski d\u00f6nemlerde bunlara \u2018Divan Efendisi\u2019 denilirdi. Ba\u015fbakanl\u0131\u011f\u0131n, Genel M\u00fcd\u00fcrl\u00fcklerin ve \u0130l\u2019lerin mektup\u00e7ular\u0131 bulunurdu. Mektup\u00e7unun ba\u015f\u0131nda bulundu\u011fu kaleme \u2018Mektubi Kalemi\u2019 denilirdi. Sadaret mektup\u00e7usu sadrazam taraf\u0131ndan yaz\u0131lan yaz\u0131lar\u0131n \u00f6nemli olanlar\u0131n\u0131 kendisi yazard\u0131. Di\u011fer yaz\u0131\u015fmalar\u0131 katipler yapar, sadrazam mektup\u00e7usu kontrol ederdi. \u0130lk zamanlarda hecegan s\u0131n\u0131f\u0131ndan olan mektup\u00e7ular daha sonralar\u0131 balal\u0131\u011fa y\u00fckseldi. 1908 Me\u015frutiyet ile mektup\u00e7ulara \u2018Kalem-i Mahsus M\u00fcd\u00fcrl\u00fc\u011f\u00fc\u2019 denilmeye ba\u015fland\u0131.<\/p>\n","protected":false},"excerpt":{"rendered":"<p>Resmi dairelerde yaz\u0131 i\u015fleri ile me\u015fgul olan idare kalbinin ba\u015f\u0131nda bulunan memura verilen isimdir.<\/p>\n","protected":false},"featured_media":2738,"template":"","meta":[],"product_cat":[77,56],"product_tag":[],"class_list":["post-2737","product","type-product","status-publish","has-post-thumbnail","hentry","product_cat-soldiers","product_cat-standard-items"],"_links":{"self":[{"href":"https:\/\/www.kukacollection.com\/en\/wp-json\/wp\/v2\/product\/2737","targetHints":{"allow":["GET"]}}],"collection":[{"href":"https:\/\/www.kukacollection.com\/en\/wp-json\/wp\/v2\/product"}],"about":[{"href":"https:\/\/www.kukacollection.com\/en\/wp-json\/wp\/v2\/types\/product"}],"wp:featuredmedia":[{"embeddable":true,"href":"https:\/\/www.kukacollection.com\/en\/wp-json\/wp\/v2\/media\/2738"}],"wp:attachment":[{"href":"https:\/\/www.kukacollection.com\/en\/wp-json\/wp\/v2\/media?parent=2737"}],"wp:term":[{"taxonomy":"product_cat","embeddable":true,"href":"https:\/\/www.kukacollection.com\/en\/wp-json\/wp\/v2\/product_cat?post=2737"},{"taxonomy":"product_tag","embeddable":true,"href":"https:\/\/www.kukacollection.com\/en\/wp-json\/wp\/v2\/product_tag?post=2737"}],"curies":[{"name":"wp","href":"https:\/\/api.w.org\/{rel}","templated":true}]}}