{"id":2731,"date":"2021-05-30T23:05:34","date_gmt":"2021-05-30T20:05:34","guid":{"rendered":"https:\/\/www.kukacollection.com\/?post_type=product&#038;p=2731"},"modified":"2021-05-30T23:05:34","modified_gmt":"2021-05-30T20:05:34","slug":"tatar","status":"publish","type":"product","link":"https:\/\/www.kukacollection.com\/en\/product\/tatar\/","title":{"rendered":"TATAR"},"content":{"rendered":"<p>Posta hizmetlerinin kurulu\u015fundan \u00f6nce posta i\u015flerini g\u00f6renlere verilen isimdir. Bunlarda bir ocak olarak kabul edildiklerinden \u2018Ocak Tatarlar\u0131\u2019 ismi de verilirdi. Osmanl\u0131larda bu hizmetin ilk g\u00f6r\u00fcld\u00fc\u011f\u00fc d\u00f6nemlerde bu g\u00f6rev genellikle Tatarlar taraf\u0131ndan yap\u0131ld\u0131\u011f\u0131ndan tatar kelimesi, postac\u0131 kelimesi yerine kullan\u0131lm\u0131\u015ft\u0131r. Posta i\u015fleri daha sonra \u00e7e\u015fitli Milletlere mensup ki\u015filer taraf\u0131ndan da y\u00fcr\u00fct\u00fclm\u00fc\u015f olmas\u0131na ra\u011fmen Tatar tabiri devam etmi\u015ftir. H\u00fck\u00fcmet merkezlerinde bu ama\u00e7la te\u015fkilat oldu\u011fu gibi her vezir dairesinde de bu posta g\u00f6revini g\u00f6recek Tatarlar bulunurdu. Amir olarak Tatar onba\u015f\u0131 ile Tatar a\u011fas\u0131 bulunurdu. Devletin posta i\u015flemlerinde do\u011frudan do\u011fruya sorumlu Tatar a\u011fas\u0131 idi.<\/p>\n","protected":false},"excerpt":{"rendered":"<p>Posta hizmetlerinin kurulu\u015fundan \u00f6nce posta i\u015flerini g\u00f6renlere verilen isimdir.<\/p>\n","protected":false},"featured_media":2732,"template":"","meta":[],"product_cat":[77,56],"product_tag":[],"class_list":["post-2731","product","type-product","status-publish","has-post-thumbnail","hentry","product_cat-soldiers","product_cat-standard-items"],"_links":{"self":[{"href":"https:\/\/www.kukacollection.com\/en\/wp-json\/wp\/v2\/product\/2731","targetHints":{"allow":["GET"]}}],"collection":[{"href":"https:\/\/www.kukacollection.com\/en\/wp-json\/wp\/v2\/product"}],"about":[{"href":"https:\/\/www.kukacollection.com\/en\/wp-json\/wp\/v2\/types\/product"}],"wp:featuredmedia":[{"embeddable":true,"href":"https:\/\/www.kukacollection.com\/en\/wp-json\/wp\/v2\/media\/2732"}],"wp:attachment":[{"href":"https:\/\/www.kukacollection.com\/en\/wp-json\/wp\/v2\/media?parent=2731"}],"wp:term":[{"taxonomy":"product_cat","embeddable":true,"href":"https:\/\/www.kukacollection.com\/en\/wp-json\/wp\/v2\/product_cat?post=2731"},{"taxonomy":"product_tag","embeddable":true,"href":"https:\/\/www.kukacollection.com\/en\/wp-json\/wp\/v2\/product_tag?post=2731"}],"curies":[{"name":"wp","href":"https:\/\/api.w.org\/{rel}","templated":true}]}}