{"id":2724,"date":"2021-05-30T21:14:51","date_gmt":"2021-05-30T18:14:51","guid":{"rendered":"https:\/\/www.kukacollection.com\/?post_type=product&#038;p=2724"},"modified":"2021-05-30T21:16:34","modified_gmt":"2021-05-30T18:16:34","slug":"asesbasi","status":"publish","type":"product","link":"https:\/\/www.kukacollection.com\/en\/product\/asesbasi\/","title":{"rendered":"ASESBA\u015eI"},"content":{"rendered":"<p>Yeni\u00e7eri oca\u011f\u0131 28. Ortac\u0131s\u0131n\u0131n \u00e7orbac\u0131s\u0131d\u0131r. (B\u00f6l\u00fck Komutan\u0131) Yeni\u00e7eri oca\u011f\u0131ndaki resmi ve askeri g\u00f6revlerinin d\u0131\u015f\u0131nda, \u015fehrin asayi\u015finden sorumluydu. Bug\u00fcnk\u00fc emniyet m\u00fcd\u00fcr\u00fc g\u00f6revini y\u00f6netmekteydi. Ortadaki di\u011fer zabitlerle de\u011fi\u015fmeli olarak, \u00e7ar\u015f\u0131 aralar\u0131nda mahalle i\u00e7lerinde ve bilhassa bozuk mahallelerde dola\u015f\u0131r su\u00e7 i\u015fleyenlerden yakalad\u0131klar\u0131n\u0131, cezalar\u0131n\u0131 g\u00f6rmek \u00fczere icabeten yerlere g\u00f6nderirlerdi. Cuma g\u00fcnleri, sadrazam\u0131n gidece\u011fi caminin yolu \u00fczerine, ortas\u0131yla beraber giderek kendisini selamlard\u0131. Asesba\u015f\u0131, At meydan\u0131ndaki hapishaneye ve idam cezalar\u0131na da nezaret ederdi. Ba\u015f\u0131na ye\u015fil \u00e7uhadan \u00e7atal kalafat, arkas\u0131na za\u011fra yakal\u0131 ve ye\u015fil kapl\u0131 divan k\u00fcrk\u00fc, aya\u011f\u0131na da sar\u0131 yemeni giyerdi.<\/p>\n","protected":false},"excerpt":{"rendered":"<p>Asesba\u015flar\u0131, yeni\u00e7eri oca\u011f\u0131ndaki resmi ve askeri g\u00f6revlerinin d\u0131\u015f\u0131nda, \u015fehrin asayi\u015finden sorumlulard\u0131.<\/p>\n","protected":false},"featured_media":2725,"template":"","meta":[],"product_cat":[77,56],"product_tag":[],"class_list":["post-2724","product","type-product","status-publish","has-post-thumbnail","hentry","product_cat-soldiers","product_cat-standard-items"],"_links":{"self":[{"href":"https:\/\/www.kukacollection.com\/en\/wp-json\/wp\/v2\/product\/2724","targetHints":{"allow":["GET"]}}],"collection":[{"href":"https:\/\/www.kukacollection.com\/en\/wp-json\/wp\/v2\/product"}],"about":[{"href":"https:\/\/www.kukacollection.com\/en\/wp-json\/wp\/v2\/types\/product"}],"wp:featuredmedia":[{"embeddable":true,"href":"https:\/\/www.kukacollection.com\/en\/wp-json\/wp\/v2\/media\/2725"}],"wp:attachment":[{"href":"https:\/\/www.kukacollection.com\/en\/wp-json\/wp\/v2\/media?parent=2724"}],"wp:term":[{"taxonomy":"product_cat","embeddable":true,"href":"https:\/\/www.kukacollection.com\/en\/wp-json\/wp\/v2\/product_cat?post=2724"},{"taxonomy":"product_tag","embeddable":true,"href":"https:\/\/www.kukacollection.com\/en\/wp-json\/wp\/v2\/product_tag?post=2724"}],"curies":[{"name":"wp","href":"https:\/\/api.w.org\/{rel}","templated":true}]}}