{"id":2717,"date":"2021-05-30T21:00:06","date_gmt":"2021-05-30T18:00:06","guid":{"rendered":"https:\/\/www.kukacollection.com\/?post_type=product&#038;p=2717"},"modified":"2021-05-30T21:03:31","modified_gmt":"2021-05-30T18:03:31","slug":"haremagasi","status":"publish","type":"product","link":"https:\/\/www.kukacollection.com\/en\/product\/haremagasi\/","title":{"rendered":"HAREMA\u011eASI"},"content":{"rendered":"<p>Harema\u011falar\u0131, Harem\u2019i Humayun denilen saray dairesinin kad\u0131nlar b\u00f6l\u00fcm\u00fcn\u00fcn hizmet ve muhafazas\u0131nda bulunurlard\u0131. Bu nedenle kendilerine harem a\u011fas\u0131 denilirdi. \u0130lgin\u00e7tir ki Harema\u011falar\u0131 ekseriye M\u0131s\u0131r valileri taraf\u0131ndan Saray\u2019a takdim edilirlerdi. Genelde Habe\u015f as\u0131ll\u0131 olurlard\u0131. Harem a\u011falar\u0131n\u0131n erkeklikleri yok edilerek yabanc\u0131 erkeklerin girip \u00e7\u0131kmas\u0131 yasak olan haremde g\u00f6revlendirilirlerdi. Saraya al\u0131nan harem a\u011falar\u0131ndan yetenekli olanlar saray te\u015fkilat\u0131 i\u00e7inde y\u00fckselerek \u00f6nemli g\u00f6revlere tayin edilirlerdi.<\/p>\n","protected":false},"excerpt":{"rendered":"<p>Harema\u011falar\u0131, Harem\u2019i Humayun denilen saray dairesinin kad\u0131nlar b\u00f6l\u00fcm\u00fcn\u00fcn hizmet ve muhafazas\u0131nda bulunurlard\u0131.<\/p>\n","protected":false},"featured_media":2718,"template":"","meta":[],"product_cat":[77,56],"product_tag":[],"class_list":["post-2717","product","type-product","status-publish","has-post-thumbnail","hentry","product_cat-soldiers","product_cat-standard-items"],"_links":{"self":[{"href":"https:\/\/www.kukacollection.com\/en\/wp-json\/wp\/v2\/product\/2717","targetHints":{"allow":["GET"]}}],"collection":[{"href":"https:\/\/www.kukacollection.com\/en\/wp-json\/wp\/v2\/product"}],"about":[{"href":"https:\/\/www.kukacollection.com\/en\/wp-json\/wp\/v2\/types\/product"}],"wp:featuredmedia":[{"embeddable":true,"href":"https:\/\/www.kukacollection.com\/en\/wp-json\/wp\/v2\/media\/2718"}],"wp:attachment":[{"href":"https:\/\/www.kukacollection.com\/en\/wp-json\/wp\/v2\/media?parent=2717"}],"wp:term":[{"taxonomy":"product_cat","embeddable":true,"href":"https:\/\/www.kukacollection.com\/en\/wp-json\/wp\/v2\/product_cat?post=2717"},{"taxonomy":"product_tag","embeddable":true,"href":"https:\/\/www.kukacollection.com\/en\/wp-json\/wp\/v2\/product_tag?post=2717"}],"curies":[{"name":"wp","href":"https:\/\/api.w.org\/{rel}","templated":true}]}}