{"id":2711,"date":"2021-05-30T20:47:53","date_gmt":"2021-05-30T17:47:53","guid":{"rendered":"https:\/\/www.kukacollection.com\/?post_type=product&#038;p=2711"},"modified":"2021-05-30T20:47:53","modified_gmt":"2021-05-30T17:47:53","slug":"kaptan-pasa","status":"publish","type":"product","link":"https:\/\/www.kukacollection.com\/en\/product\/kaptan-pasa\/","title":{"rendered":"KAPTAN PA\u015eA"},"content":{"rendered":"<p>Deniz kuvvetleri genel komutanl\u0131\u011f\u0131 ve Bahriye naz\u0131rl\u0131\u011f\u0131 (denizcilik bakanl\u0131\u011f\u0131) yapanlara verilmi\u015f bir \u00fcnvand\u0131r. Osmanl\u0131 Devletinin kurulu\u015f d\u00f6neminden k\u0131sa bir s\u00fcre sonra s\u0131n\u0131rlar\u0131 denizlere ula\u015fm\u0131\u015ft\u0131r. Karada oldu\u011fu gibi denizlerde de ba\u015far\u0131l\u0131 olmak i\u00e7in kaptanlar yeti\u015ftirilmesi gerekmi\u015ftir. Osmanl\u0131 deniz g\u00fcc\u00fcn\u00fc olu\u015fturan ilk gemiler yap\u0131lmaya ba\u015flan\u0131nca her gemi bir \u2018Reis\u2019 kumandas\u0131na verilmi\u015f, gemilerin t\u00fcm\u00fcn\u00fcn i\u00e7inde \u2018Derya Beyi\u2019 \u00fcnvan\u0131 ile bir komutan tayin edilmi\u015ftir. Kaptan pa\u015fa saraydaki t\u00fcm t\u00f6renlere kat\u0131l\u0131r ve padi\u015fah taraf\u0131ndan Sadrazam\u2019a yap\u0131lan t\u00fcm taltif ve muamele Kaptan Pa\u015fa\u2019ya da yap\u0131l\u0131rd\u0131.Padi\u015fah huzurunda di\u011fer vezirlerin \u00fcst\u00fcnde yer al\u0131rd\u0131. Kaptan pa\u015fa Osmanl\u0131 bahriyesi\u2019nin en b\u00fcy\u00fck amiri ve tersane ile donanman\u0131n ba\u015f komutan\u0131 idi.<\/p>\n","protected":false},"excerpt":{"rendered":"<p>Deniz kuvvetleri genel komutanl\u0131\u011f\u0131 ve Bahriye naz\u0131rl\u0131\u011f\u0131 (denizcilik bakanl\u0131\u011f\u0131) yapanlara verilmi\u015f bir \u00fcnvand\u0131r.<\/p>\n","protected":false},"featured_media":2712,"template":"","meta":[],"product_cat":[77,56],"product_tag":[],"class_list":["post-2711","product","type-product","status-publish","has-post-thumbnail","hentry","product_cat-soldiers","product_cat-standard-items"],"_links":{"self":[{"href":"https:\/\/www.kukacollection.com\/en\/wp-json\/wp\/v2\/product\/2711","targetHints":{"allow":["GET"]}}],"collection":[{"href":"https:\/\/www.kukacollection.com\/en\/wp-json\/wp\/v2\/product"}],"about":[{"href":"https:\/\/www.kukacollection.com\/en\/wp-json\/wp\/v2\/types\/product"}],"wp:featuredmedia":[{"embeddable":true,"href":"https:\/\/www.kukacollection.com\/en\/wp-json\/wp\/v2\/media\/2712"}],"wp:attachment":[{"href":"https:\/\/www.kukacollection.com\/en\/wp-json\/wp\/v2\/media?parent=2711"}],"wp:term":[{"taxonomy":"product_cat","embeddable":true,"href":"https:\/\/www.kukacollection.com\/en\/wp-json\/wp\/v2\/product_cat?post=2711"},{"taxonomy":"product_tag","embeddable":true,"href":"https:\/\/www.kukacollection.com\/en\/wp-json\/wp\/v2\/product_tag?post=2711"}],"curies":[{"name":"wp","href":"https:\/\/api.w.org\/{rel}","templated":true}]}}