{"id":2705,"date":"2021-05-30T20:41:19","date_gmt":"2021-05-30T17:41:19","guid":{"rendered":"https:\/\/www.kukacollection.com\/?post_type=product&#038;p=2705"},"modified":"2021-05-30T20:42:21","modified_gmt":"2021-05-30T17:42:21","slug":"topcubasi","status":"publish","type":"product","link":"https:\/\/www.kukacollection.com\/en\/product\/topcubasi\/","title":{"rendered":"TOP\u00c7UBA\u015eI"},"content":{"rendered":"<p>Kap\u0131kulu ocaklar\u0131ndan top\u00e7u oca\u011f\u0131n\u0131n ba\u015f\u0131na verilen \u00fcnvand\u0131r. Osmanl\u0131 Devleti\u2019nin son d\u00f6nemlerindeki \u2018\u2019Tophane M\u00fc\u015favirli\u011fi\u2019\u2019 min eski d\u00f6nemlerdeki \u00fcnvan\u0131d\u0131r. Ancak yetki ve sorumluluk bak\u0131m\u0131ndan daha \u00f6nemlidir. Osmanl\u0131 imparatorlu\u011fu topraklar\u0131 \u00fczerinde tim top\u00e7u ve sanayi askerlerinin kumandan\u0131yd\u0131. \u0130stanbul ve kalelerdeki tmm depo ve cephaneliklerden sorumluydu. Geni\u015f yetkilere sahipti. Top\u2019un Osmanl\u0131 Ordusunda kullan\u0131lmaya ba\u015fland\u0131\u011f\u0131 d\u00f6nemden itibaren top\u00e7uba\u015f\u0131l\u0131k g\u00f6revinin de ba\u015flam\u0131\u015f oldu\u011fu bilinmektedir. Top\u00e7uba\u015f\u0131 ba\u015f\u0131na ye\u015fil \u00e7uha dan \u2018Kalafat\u2019 takard\u0131. \u00dczerine uzun kollu i\u00e7i k\u00fcrk kapl\u0131 k\u0131rm\u0131z\u0131 \u00e7uhadan \u2018Kaftan\u2019 bunun alt\u0131na da \u2018Entari\u2019 giyerdi. Ayaklar\u0131nda sar\u0131 \u00e7izme bulunurdu.<\/p>\n","protected":false},"excerpt":{"rendered":"<p>Kap\u0131kulu ocaklar\u0131ndan top\u00e7u oca\u011f\u0131n\u0131n ba\u015f\u0131na verilen \u00fcnvand\u0131r.<\/p>\n","protected":false},"featured_media":2706,"template":"","meta":[],"product_cat":[77,56],"product_tag":[],"class_list":["post-2705","product","type-product","status-publish","has-post-thumbnail","hentry","product_cat-soldiers","product_cat-standard-items"],"_links":{"self":[{"href":"https:\/\/www.kukacollection.com\/en\/wp-json\/wp\/v2\/product\/2705","targetHints":{"allow":["GET"]}}],"collection":[{"href":"https:\/\/www.kukacollection.com\/en\/wp-json\/wp\/v2\/product"}],"about":[{"href":"https:\/\/www.kukacollection.com\/en\/wp-json\/wp\/v2\/types\/product"}],"wp:featuredmedia":[{"embeddable":true,"href":"https:\/\/www.kukacollection.com\/en\/wp-json\/wp\/v2\/media\/2706"}],"wp:attachment":[{"href":"https:\/\/www.kukacollection.com\/en\/wp-json\/wp\/v2\/media?parent=2705"}],"wp:term":[{"taxonomy":"product_cat","embeddable":true,"href":"https:\/\/www.kukacollection.com\/en\/wp-json\/wp\/v2\/product_cat?post=2705"},{"taxonomy":"product_tag","embeddable":true,"href":"https:\/\/www.kukacollection.com\/en\/wp-json\/wp\/v2\/product_tag?post=2705"}],"curies":[{"name":"wp","href":"https:\/\/api.w.org\/{rel}","templated":true}]}}