{"id":2699,"date":"2021-05-30T16:55:05","date_gmt":"2021-05-30T13:55:05","guid":{"rendered":"https:\/\/www.kukacollection.com\/?post_type=product&#038;p=2699"},"modified":"2021-05-30T16:55:05","modified_gmt":"2021-05-30T13:55:05","slug":"beylikci","status":"publish","type":"product","link":"https:\/\/www.kukacollection.com\/en\/product\/beylikci\/","title":{"rendered":"BEYL\u0130K\u00c7\u0130"},"content":{"rendered":"<p>Divan-\u0131 Humayun subay\u0131na verilen \u00fcnvand\u0131r. Divan-\u0131 Humayun\u2019a gelen padi\u015fah emirlerini (iradelerini), fermanlar\u0131n\u0131 kaydederdi. Ayr\u0131ca Divanda kabul edilen ve sadrazam taraf\u0131ndan sorulan evrak \u00fczerine o i\u015f hakk\u0131ndaki g\u00f6r\u00fc\u015flerini kay\u0131t ederdi. Hariciye Nezareti (D\u0131\u015f i\u015fleri bakanl\u0131\u011f\u0131) ve hukuk m\u00fc\u015favirli\u011fi kurulana kadar Bab\u0131ali\u2019nin (ba\u015fbakanl\u0131\u011f\u0131n) m\u00fc\u015favirli\u011fini yapar, yabanc\u0131 \u00fclkelerle Osmanl\u0131 Devleti\u2019nin aras\u0131ndaki anla\u015fmalara ait kurallar\u0131 arz ederdi. Fermanlar\u0131 ve beratlar\u0131 burada yazd\u0131r\u0131rd\u0131. Reis\u2019\u00fcl Kuttap\u2019\u0131n yard\u0131mc\u0131s\u0131 idi.<\/p>\n","protected":false},"excerpt":{"rendered":"<p>Divan-\u0131 Humayun subay\u0131na verilen \u00fcnvand\u0131r.<\/p>\n","protected":false},"featured_media":2700,"template":"","meta":[],"product_cat":[77,56],"product_tag":[],"class_list":["post-2699","product","type-product","status-publish","has-post-thumbnail","hentry","product_cat-soldiers","product_cat-standard-items"],"_links":{"self":[{"href":"https:\/\/www.kukacollection.com\/en\/wp-json\/wp\/v2\/product\/2699","targetHints":{"allow":["GET"]}}],"collection":[{"href":"https:\/\/www.kukacollection.com\/en\/wp-json\/wp\/v2\/product"}],"about":[{"href":"https:\/\/www.kukacollection.com\/en\/wp-json\/wp\/v2\/types\/product"}],"wp:featuredmedia":[{"embeddable":true,"href":"https:\/\/www.kukacollection.com\/en\/wp-json\/wp\/v2\/media\/2700"}],"wp:attachment":[{"href":"https:\/\/www.kukacollection.com\/en\/wp-json\/wp\/v2\/media?parent=2699"}],"wp:term":[{"taxonomy":"product_cat","embeddable":true,"href":"https:\/\/www.kukacollection.com\/en\/wp-json\/wp\/v2\/product_cat?post=2699"},{"taxonomy":"product_tag","embeddable":true,"href":"https:\/\/www.kukacollection.com\/en\/wp-json\/wp\/v2\/product_tag?post=2699"}],"curies":[{"name":"wp","href":"https:\/\/api.w.org\/{rel}","templated":true}]}}