{"id":2687,"date":"2021-05-30T16:45:55","date_gmt":"2021-05-30T13:45:55","guid":{"rendered":"https:\/\/www.kukacollection.com\/?post_type=product&#038;p=2687"},"modified":"2021-05-30T16:45:55","modified_gmt":"2021-05-30T13:45:55","slug":"satir","status":"publish","type":"product","link":"https:\/\/www.kukacollection.com\/en\/product\/satir\/","title":{"rendered":"\u015eATIR"},"content":{"rendered":"<p>Yaya s\u0131n\u0131f\u0131ndan olup g\u00f6revleri gere\u011fi Peyk\u2019lere benzerlerdi. Merasim ve alaylara padi\u015fah yak\u0131n\u0131nda ve solaklar\u0131n \u00f6nlerinde y\u00fcr\u00fcrlerdi. Sadrazam ve Serdarlara yap\u0131lan t\u00f6renlerde de bulunurlard\u0131. \u015eat\u0131rlar peykler gibi s\u00fcratle ko\u015farlard\u0131. Hatta 4. Mehmed d\u00f6neminde \u015fat\u0131rlar ba\u015f\u00e7avu\u015fu bir bahse tutu\u015farak Edirne saray\u0131ndan yaya ko\u015fup iki menzil olan Dimetoka kasabas\u0131na 3,5 saatte gidip oran\u0131n yetkilisinden bir ka\u011f\u0131t ald\u0131ktan sonra ikindi vakti Edirne saray\u0131na d\u00f6nd\u00fc\u011f\u00fc ve gidi\u015f d\u00f6n\u00fc\u015f\u00fcn on saat s\u00fcrd\u00fc\u011f\u00fc anlat\u0131lmaktad\u0131r. \u015eat\u0131rlara da dibadan elbise, s\u00fcsl\u00fc bir kemer ile sorgu\u00e7 verilip, bellerine de pala takmalar\u0131na izin verilirdi. \u015eat\u0131rlar\u0131n ba\u015flar\u0131nda Peykler gibi alt\u0131n yald\u0131zl\u0131 ta\u015flar, kimilerinde ellerinde teber yani sap\u0131 uzun a\u011fz\u0131 kavisli balta bulunurdu. Tanzimattan sonra solak ve Peykler gibi \u015eat\u0131rl\u0131kta kald\u0131r\u0131lm\u0131\u015ft\u0131.<\/p>\n","protected":false},"excerpt":{"rendered":"<p>Yaya s\u0131n\u0131f\u0131ndan olup g\u00f6revleri gere\u011fi Peyk\u2019lere benzerlerdi. Merasim ve alaylara padi\u015fah yak\u0131n\u0131nda ve solaklar\u0131n \u00f6nlerinde y\u00fcr\u00fcrlerdi.<\/p>\n","protected":false},"featured_media":2688,"template":"","meta":[],"product_cat":[77,56],"product_tag":[],"class_list":["post-2687","product","type-product","status-publish","has-post-thumbnail","hentry","product_cat-soldiers","product_cat-standard-items"],"_links":{"self":[{"href":"https:\/\/www.kukacollection.com\/en\/wp-json\/wp\/v2\/product\/2687","targetHints":{"allow":["GET"]}}],"collection":[{"href":"https:\/\/www.kukacollection.com\/en\/wp-json\/wp\/v2\/product"}],"about":[{"href":"https:\/\/www.kukacollection.com\/en\/wp-json\/wp\/v2\/types\/product"}],"wp:featuredmedia":[{"embeddable":true,"href":"https:\/\/www.kukacollection.com\/en\/wp-json\/wp\/v2\/media\/2688"}],"wp:attachment":[{"href":"https:\/\/www.kukacollection.com\/en\/wp-json\/wp\/v2\/media?parent=2687"}],"wp:term":[{"taxonomy":"product_cat","embeddable":true,"href":"https:\/\/www.kukacollection.com\/en\/wp-json\/wp\/v2\/product_cat?post=2687"},{"taxonomy":"product_tag","embeddable":true,"href":"https:\/\/www.kukacollection.com\/en\/wp-json\/wp\/v2\/product_tag?post=2687"}],"curies":[{"name":"wp","href":"https:\/\/api.w.org\/{rel}","templated":true}]}}