{"id":2681,"date":"2021-05-30T16:28:10","date_gmt":"2021-05-30T13:28:10","guid":{"rendered":"https:\/\/www.kukacollection.com\/?post_type=product&#038;p=2681"},"modified":"2021-05-30T16:28:10","modified_gmt":"2021-05-30T13:28:10","slug":"hurrem-sultan","status":"publish","type":"product","link":"https:\/\/www.kukacollection.com\/en\/product\/hurrem-sultan\/","title":{"rendered":"H\u00dcRREM SULTAN"},"content":{"rendered":"<p>1506 y\u0131l\u0131nda do\u011fmu\u015f olan H\u00fcrrem Sultan, Kanuni Sultan S\u00fcleyman\u2019\u0131n e\u015fi ve Osmanl\u0131 tarihinde \u00f6nemli roller oynam\u0131\u015f haseki sultand\u0131r. Aslen Rus olan H\u00fcrrem Sultan\u2019\u0131n as\u0131l ad\u0131 Roxelanne\u2019d\u0131r. G\u00fczelli\u011fi sebebiyle k\u00fc\u00e7\u00fck ya\u015fta K\u0131r\u0131m han\u0131 taraf\u0131ndan Osmanl\u0131 Saray\u0131na g\u00f6nderilen H\u00fcrrem Sultan, sarayda \u00f6zel e\u011fitim alm\u0131\u015f, g\u00fczelli\u011fi yan\u0131nda zekas\u0131 ve becerisi ile padi\u015fah\u0131n dikkatini \u00e7ekerek, harem kad\u0131nlar\u0131 ve saray\u0131n ileri gelenleri aras\u0131nda yerini alm\u0131\u015ft\u0131r. 1520 y\u0131l\u0131nda I. S\u00fcleyman\u2019\u0131n (Kanuni) tahta \u00e7\u0131kmas\u0131yla onun g\u00f6zdeleri aras\u0131nda yer alan H\u00fcrrem Sultan, 1521 de \u015fehzade Mehmed\u2019i d\u00fcnyaya getirerek padi\u015fah e\u015fi olma hakk\u0131n\u0131 kazanm\u0131\u015f, \u015eehzade Mehmed\u2019in ard\u0131ndan 1522\u2019de Mihrimah Sultan\u2019\u0131, 1523\u2019te \u015eehzade Abdullah\u2019\u0131, 1524\u2019te \u015eehzade Selim\u2019i (Sultan II. Selim), 1525\u2019te \u015eehzade Bayezid\u2019i ve 1531\u2019de \u015eehzade Cihangir\u2019i d\u00fcnyaya getirmi\u015ftir. Zaman i\u00e7inde devlet y\u00f6netiminde etkili olan H\u00fcrrem Sultan, onalt\u0131nc\u0131 y\u00fczy\u0131l Osmanl\u0131 tarihinde olumsuzluklar\u0131yla an\u0131lm\u0131\u015f, o\u011fullar\u0131ndan birini tahra \u00e7\u0131karma iste\u011fine ra\u011fmen, g\u00f6remeden 52 ya\u015f\u0131nda \u00f6lm\u00fc\u015ft\u00fcr.<\/p>\n","protected":false},"excerpt":{"rendered":"<p>1506 y\u0131l\u0131nda do\u011fmu\u015f olan H\u00fcrrem Sultan, Kanuni Sultan S\u00fcleyman\u2019\u0131n e\u015fi ve Osmanl\u0131 tarihinde \u00f6nemli roller oynam\u0131\u015f haseki sultand\u0131r.<\/p>\n","protected":false},"featured_media":2682,"template":"","meta":[],"product_cat":[56,78],"product_tag":[],"class_list":["post-2681","product","type-product","status-publish","has-post-thumbnail","hentry","product_cat-standard-items","product_cat-sultans"],"_links":{"self":[{"href":"https:\/\/www.kukacollection.com\/en\/wp-json\/wp\/v2\/product\/2681","targetHints":{"allow":["GET"]}}],"collection":[{"href":"https:\/\/www.kukacollection.com\/en\/wp-json\/wp\/v2\/product"}],"about":[{"href":"https:\/\/www.kukacollection.com\/en\/wp-json\/wp\/v2\/types\/product"}],"wp:featuredmedia":[{"embeddable":true,"href":"https:\/\/www.kukacollection.com\/en\/wp-json\/wp\/v2\/media\/2682"}],"wp:attachment":[{"href":"https:\/\/www.kukacollection.com\/en\/wp-json\/wp\/v2\/media?parent=2681"}],"wp:term":[{"taxonomy":"product_cat","embeddable":true,"href":"https:\/\/www.kukacollection.com\/en\/wp-json\/wp\/v2\/product_cat?post=2681"},{"taxonomy":"product_tag","embeddable":true,"href":"https:\/\/www.kukacollection.com\/en\/wp-json\/wp\/v2\/product_tag?post=2681"}],"curies":[{"name":"wp","href":"https:\/\/api.w.org\/{rel}","templated":true}]}}