{"id":2680,"date":"2021-05-30T16:19:18","date_gmt":"2021-05-30T13:19:18","guid":{"rendered":"https:\/\/www.kukacollection.com\/product\/sultan-iv-murad\/"},"modified":"2021-05-30T16:19:18","modified_gmt":"2021-05-30T13:19:18","slug":"sultan-iv-murad","status":"publish","type":"product","link":"https:\/\/www.kukacollection.com\/en\/product\/sultan-iv-murad\/","title":{"rendered":"SULTAN IV. MURAD"},"content":{"rendered":"<p>Babas\u0131: Birinci Ahmet<br \/>\nAnnesi: K\u00f6sem Sultan<br \/>\nDo\u011fumu: 27 temmuz 1612<br \/>\nVefat\u0131: 9 \u015fubat 1640<br \/>\nSaltanat: 1623-1640 (17 sene)<br \/>\n16 Eyl\u00fcl 1623\u2019te hen\u00fcz 11 ya\u015f\u0131ndayken tahta \u00e7\u0131kan VI. Murad, yakla\u015f\u0131k 10 sene devleti, annesinin naipli\u011finde y\u00f6netmi\u015ftir. H\u00fck\u00fcmdarl\u0131\u011f\u0131n\u0131n ilk y\u0131llar\u0131nda kaybedilen topraklar\u0131 geri almak i\u00e7in \u0130ran \u00fczerine sefer d\u00fczenlemi\u015ftir. Cesur, kararl\u0131, sert karakterli bir ki\u015filik sergileyen VI. Murad, bir \u015feyh\u00fclislam\u0131 idam ettiren tek Osmanl\u0131 Padi\u015fah\u0131d\u0131r. Bilim, sanat ve edebiyat\u0131n geli\u015fmesine \u00f6nem vermi\u015f Muradi mahlas\u0131yla \u015fiirler yazm\u0131\u015ft\u0131r. T\u00fct\u00fcn ve alkol\u00fc yasaklamas\u0131na ra\u011fmen, alkole olan a\u015f\u0131r\u0131 d\u00fc\u015fk\u00fcnl\u00fc\u011f\u00fc gen\u00e7 ya\u015fta \u00f6l\u00fcm\u00fcne sebep olmu\u015ftur.<\/p>\n","protected":false},"excerpt":{"rendered":"<p>Babas\u0131: Birinci Ahmet Annesi: K\u00f6sem Sultan Do\u011fumu: 27 temmuz 1612 Vefat\u0131: 9 \u015fubat 1640 Saltanat: 1623-1640 (17 sene) 16 Eyl\u00fcl 1623\u2019te hen\u00fcz 11 ya\u015f\u0131ndayken tahta \u00e7\u0131kan VI. Murad, yakla\u015f\u0131k 10 sene devleti, annesinin naipli\u011finde y\u00f6netmi\u015ftir. H\u00fck\u00fcmdarl\u0131\u011f\u0131n\u0131n ilk y\u0131llar\u0131nda kaybedilen topraklar\u0131 geri almak i\u00e7in \u0130ran \u00fczerine sefer d\u00fczenlemi\u015ftir. Cesur, kararl\u0131, sert&hellip;<\/p>\n","protected":false},"featured_media":2677,"template":"","meta":[],"product_cat":[56,78],"product_tag":[],"class_list":["post-2680","product","type-product","status-publish","has-post-thumbnail","hentry","product_cat-standard-items","product_cat-sultans"],"_links":{"self":[{"href":"https:\/\/www.kukacollection.com\/en\/wp-json\/wp\/v2\/product\/2680","targetHints":{"allow":["GET"]}}],"collection":[{"href":"https:\/\/www.kukacollection.com\/en\/wp-json\/wp\/v2\/product"}],"about":[{"href":"https:\/\/www.kukacollection.com\/en\/wp-json\/wp\/v2\/types\/product"}],"wp:featuredmedia":[{"embeddable":true,"href":"https:\/\/www.kukacollection.com\/en\/wp-json\/wp\/v2\/media\/2677"}],"wp:attachment":[{"href":"https:\/\/www.kukacollection.com\/en\/wp-json\/wp\/v2\/media?parent=2680"}],"wp:term":[{"taxonomy":"product_cat","embeddable":true,"href":"https:\/\/www.kukacollection.com\/en\/wp-json\/wp\/v2\/product_cat?post=2680"},{"taxonomy":"product_tag","embeddable":true,"href":"https:\/\/www.kukacollection.com\/en\/wp-json\/wp\/v2\/product_tag?post=2680"}],"curies":[{"name":"wp","href":"https:\/\/api.w.org\/{rel}","templated":true}]}}