{"id":2668,"date":"2021-05-30T15:52:39","date_gmt":"2021-05-30T12:52:39","guid":{"rendered":"https:\/\/www.kukacollection.com\/product\/yavuz-sultan-selim\/"},"modified":"2021-05-30T15:52:39","modified_gmt":"2021-05-30T12:52:39","slug":"yavuz-sultan-selim","status":"publish","type":"product","link":"https:\/\/www.kukacollection.com\/en\/product\/yavuz-sultan-selim\/","title":{"rendered":"YAVUZ SULTAN SEL\u0130M"},"content":{"rendered":"<p>Babas\u0131: \u0130kinci Bayezid<br \/>\nAnnesi: G\u00fclbahar Hatun<br \/>\nDo\u011fumu: 10 EKim 1470<br \/>\nVefat\u0131: 22 Eyl\u00fcl 1520<br \/>\nSaltanat: 1512-1520 (8 sene)<br \/>\nBabas\u0131n\u0131n sancakbeyi olarak bulundu\u011fu Amasya\u2019da bilginler ve sanat\u00e7\u0131lar aras\u0131nda yeti\u015fmi\u015ftir. II. Bayezid\u2019in 1481\u2019de padi\u015fah olmas\u0131ndan sonra, babas\u0131yla taht sava\u015f\u0131 yapan ve kaybeden Selim, 24 nisan 1512 de bu kez yeni\u00e7erilerin deste\u011fi ile, tahttan \u00e7ekilen II. Bayezid\u2019in yerine padi\u015fah olmu\u015ftur. \u00c7ald\u0131ran (23 a\u011fustos 1514) ve Mercidab\u0131k (24 a\u011fustos 1516) gibi zaferleri olan Yavuz Sultan Selim, M\u0131s\u0131r\u2019da Meml\u00fcklerin egemenli\u011fine son vererek, halifeli\u011fin Abbasilerden, Osmanl\u0131lara ge\u00e7mesini sa\u011flam\u0131\u015f ve Emanet-i Mukaddese\u2019yi (Kutsal Emanetler) devralarak, \u0130stanbul\u2019a gelmi\u015ftir.<\/p>\n","protected":false},"excerpt":{"rendered":"<p>Yavuz Sultan Selim, babas\u0131n\u0131n sancakbeyi olarak bulundu\u011fu Amasya\u2019da bilginler ve sanat\u00e7\u0131lar aras\u0131nda yeti\u015fmi\u015ftir.<\/p>\n","protected":false},"featured_media":2665,"template":"","meta":[],"product_cat":[56,78],"product_tag":[],"class_list":["post-2668","product","type-product","status-publish","has-post-thumbnail","hentry","product_cat-standard-items","product_cat-sultans"],"_links":{"self":[{"href":"https:\/\/www.kukacollection.com\/en\/wp-json\/wp\/v2\/product\/2668","targetHints":{"allow":["GET"]}}],"collection":[{"href":"https:\/\/www.kukacollection.com\/en\/wp-json\/wp\/v2\/product"}],"about":[{"href":"https:\/\/www.kukacollection.com\/en\/wp-json\/wp\/v2\/types\/product"}],"wp:featuredmedia":[{"embeddable":true,"href":"https:\/\/www.kukacollection.com\/en\/wp-json\/wp\/v2\/media\/2665"}],"wp:attachment":[{"href":"https:\/\/www.kukacollection.com\/en\/wp-json\/wp\/v2\/media?parent=2668"}],"wp:term":[{"taxonomy":"product_cat","embeddable":true,"href":"https:\/\/www.kukacollection.com\/en\/wp-json\/wp\/v2\/product_cat?post=2668"},{"taxonomy":"product_tag","embeddable":true,"href":"https:\/\/www.kukacollection.com\/en\/wp-json\/wp\/v2\/product_tag?post=2668"}],"curies":[{"name":"wp","href":"https:\/\/api.w.org\/{rel}","templated":true}]}}