{"id":2661,"date":"2021-05-30T15:46:20","date_gmt":"2021-05-30T12:46:20","guid":{"rendered":"https:\/\/www.kukacollection.com\/product\/fatih-sultan-mehmed\/"},"modified":"2021-05-30T15:46:20","modified_gmt":"2021-05-30T12:46:20","slug":"fatih-sultan-mehmed","status":"publish","type":"product","link":"https:\/\/www.kukacollection.com\/en\/product\/fatih-sultan-mehmed\/","title":{"rendered":"FAT\u0130H SULTAN MEHMED"},"content":{"rendered":"<p>Babas\u0131: \u0130kinci Sultan Murad<br \/>\nAnnesi: Huma Hatun<br \/>\nDo\u011fumu: Edirne 29.03.1432<br \/>\nVefat\u0131: H\u00fcnkar\u00e7ay\u0131r\u0131- \u0130stanbul 3 may\u0131s 1481<br \/>\nSaltanat: 1451-1481 (30 sene)<br \/>\nFatih Sultan Mehmed\u2019in 12 ya\u015f\u0131nda tahta \u00e7\u0131kmas\u0131 ile, gen\u00e7 padi\u015faha kar\u015f\u0131 d\u00fczenlenen Ha\u00e7l\u0131 Seferi \u00fczerine, tahta geri d\u00f6n\u00fcp ordular\u0131n bal\u0131na ge\u00e7en II: Murad, Varna\u2019da kazand\u0131\u011f\u0131 zaferle bunal\u0131ma son vermi\u015f ve \u00f6l\u00fcm\u00fcne kadar tahtta kalm\u0131\u015ft\u0131r. Babas\u0131n\u0131n \u00f6l\u00fcm\u00fcnden sonra ikinci kez tahta \u00e7\u0131kan Mehmed 18 \u015fubat 1451\u2019de Konstantinopolisi alma d\u00fc\u015f\u00fcncesiyle, 1452\u2019de Rumeli Hisar\u0131\u2019n\u0131 yapt\u0131rm\u0131\u015f, 31 kad\u0131rgal\u0131k filo kurmu\u015f, Macar Top\u00e7u Urban\u2019a toplar d\u00f6kt\u00fcrm\u00fc\u015f ve 1453\u2019te kenti alm\u0131\u015ft\u0131r. \u0130stanbul\u2019u d\u00fcnya \u00e7ap\u0131nda, bir imparatorlu\u011fa yak\u0131\u015fan varl\u0131kl\u0131 ve g\u00f6rkemli bir merkeze d\u00f6n\u00fc\u015ft\u00fcrme i\u015flemine \u00f6nem vermi\u015ftir. Candaro\u011fullar\u0131 ve Pontus Devleti\u2019ne son vermi\u015f, d\u00fczenledi\u011fi Fatih Kanunnamesi ise, sonraki padi\u015fahlar d\u00f6neminde y\u00fcr\u00fcrl\u00fckte kalm\u0131\u015ft\u0131r. Matematik, astronomi ve ilahiyat alanlar\u0131nda en y\u00fcksek d\u00fczey bu d\u00f6nemde ya\u015fanm\u0131\u015ft\u0131r.<\/p>\n","protected":false},"excerpt":{"rendered":"<p>Osmanl\u0131 Devleti\u2019nde matematik, astronomi ve ilahiyat alanlar\u0131nda en y\u00fcksek d\u00fczey Fatih Sultan Mehmed d\u00f6neminde ya\u015fanm\u0131\u015ft\u0131r.<\/p>\n","protected":false},"featured_media":2658,"template":"","meta":[],"product_cat":[56,78],"product_tag":[],"class_list":["post-2661","product","type-product","status-publish","has-post-thumbnail","hentry","product_cat-standard-items","product_cat-sultans"],"_links":{"self":[{"href":"https:\/\/www.kukacollection.com\/en\/wp-json\/wp\/v2\/product\/2661","targetHints":{"allow":["GET"]}}],"collection":[{"href":"https:\/\/www.kukacollection.com\/en\/wp-json\/wp\/v2\/product"}],"about":[{"href":"https:\/\/www.kukacollection.com\/en\/wp-json\/wp\/v2\/types\/product"}],"wp:featuredmedia":[{"embeddable":true,"href":"https:\/\/www.kukacollection.com\/en\/wp-json\/wp\/v2\/media\/2658"}],"wp:attachment":[{"href":"https:\/\/www.kukacollection.com\/en\/wp-json\/wp\/v2\/media?parent=2661"}],"wp:term":[{"taxonomy":"product_cat","embeddable":true,"href":"https:\/\/www.kukacollection.com\/en\/wp-json\/wp\/v2\/product_cat?post=2661"},{"taxonomy":"product_tag","embeddable":true,"href":"https:\/\/www.kukacollection.com\/en\/wp-json\/wp\/v2\/product_tag?post=2661"}],"curies":[{"name":"wp","href":"https:\/\/api.w.org\/{rel}","templated":true}]}}