{"id":2649,"date":"2021-05-30T15:33:40","date_gmt":"2021-05-30T12:33:40","guid":{"rendered":"https:\/\/www.kukacollection.com\/?post_type=product&#038;p=2649"},"modified":"2021-05-30T15:34:49","modified_gmt":"2021-05-30T12:34:49","slug":"sultan-yildirim-bayezid","status":"publish","type":"product","link":"https:\/\/www.kukacollection.com\/en\/product\/sultan-yildirim-bayezid\/","title":{"rendered":"SULTAN YILDIRIM BAYEZ\u0130D"},"content":{"rendered":"<p>Babas\u0131: Murat H\u00fcdavendigar<br \/>\nAnnesi: G\u00fcl\u00e7i\u00e7ek Hatun<br \/>\nDo\u011fumu: 1360<br \/>\nVefat\u0131: 8.03.1403<br \/>\nSaltanat: 1389-1403 (27 sene)<br \/>\nI. Murad\u2019\u0131n sava\u015f alan\u0131nda \u00f6ld\u00fcr\u00fclmesinden sonra, padi\u015fah olan Sultan Y\u0131ld\u0131z\u0131m Bayezid; d\u00f6neminde devleti d\u00fczenli bir s\u00fcrece sokmu\u015f, I. Kosova sava\u015f\u0131n\u0131n kazan\u0131lmas\u0131nda b\u00fcy\u00fck rol oynam\u0131\u015ft\u0131r. Kazand\u0131\u011f\u0131 en b\u00fcy\u00fck zafer; 25 eyl\u00fcl 1396 senesindeki Ni\u011fbolu zaferidir. Bu zafer Osmanl\u0131lar\u0131n do\u011fu ve bat\u0131da tan\u0131nmas\u0131 bak\u0131m\u0131ndan tarihte \u00f6nemli bir yer tutar. \u0130stanbul\u2019u 7 ay s\u00fcre ile i\u015fgal etmi\u015f olan Sultan y\u0131ld\u0131z\u0131m Bayezid, 1402 y\u0131l\u0131nda Timur ile yapt\u0131\u011f\u0131 Ankara sava\u015f\u0131nda yenik ve esir d\u00fc\u015ferek, 43 ya\u015f\u0131nda esaret alt\u0131nda \u00f6lm\u00fc\u015ft\u00fcr.<\/p>\n<p>&nbsp;<\/p>\n","protected":false},"excerpt":{"rendered":"<p>I. Murad\u2019\u0131n sava\u015f alan\u0131nda \u00f6ld\u00fcr\u00fclmesinden sonra, Sultan Y\u0131ld\u0131z\u0131m Bayezid tahta ge\u00e7mi\u015ftir.<\/p>\n","protected":false},"featured_media":2650,"template":"","meta":[],"product_cat":[56,78],"product_tag":[],"class_list":["post-2649","product","type-product","status-publish","has-post-thumbnail","hentry","product_cat-standard-items","product_cat-sultans"],"_links":{"self":[{"href":"https:\/\/www.kukacollection.com\/en\/wp-json\/wp\/v2\/product\/2649","targetHints":{"allow":["GET"]}}],"collection":[{"href":"https:\/\/www.kukacollection.com\/en\/wp-json\/wp\/v2\/product"}],"about":[{"href":"https:\/\/www.kukacollection.com\/en\/wp-json\/wp\/v2\/types\/product"}],"wp:featuredmedia":[{"embeddable":true,"href":"https:\/\/www.kukacollection.com\/en\/wp-json\/wp\/v2\/media\/2650"}],"wp:attachment":[{"href":"https:\/\/www.kukacollection.com\/en\/wp-json\/wp\/v2\/media?parent=2649"}],"wp:term":[{"taxonomy":"product_cat","embeddable":true,"href":"https:\/\/www.kukacollection.com\/en\/wp-json\/wp\/v2\/product_cat?post=2649"},{"taxonomy":"product_tag","embeddable":true,"href":"https:\/\/www.kukacollection.com\/en\/wp-json\/wp\/v2\/product_tag?post=2649"}],"curies":[{"name":"wp","href":"https:\/\/api.w.org\/{rel}","templated":true}]}}