{"id":2638,"date":"2021-05-30T13:57:56","date_gmt":"2021-05-30T10:57:56","guid":{"rendered":"https:\/\/www.kukacollection.com\/?post_type=product&#038;p=2638"},"modified":"2022-06-28T10:24:07","modified_gmt":"2022-06-28T07:24:07","slug":"kahve-seti","status":"publish","type":"product","link":"https:\/\/www.kukacollection.com\/en\/product\/kahve-seti\/","title":{"rendered":"DS10 KAHVE SET\u0130"},"content":{"rendered":"<p>Kuka Collection dekoratif obje tasar\u0131m\u0131na da ilgi duymaktad\u0131r. \u00d6zg\u00fcn olma \u00e7abas\u0131 ve estetik de\u011ferleri g\u00f6z \u00f6n\u00fcnde tutarak \u00fcretti\u011fi dekoratif objelerin hepsi koleksiyon olmamakla beraber ayn\u0131 titizlikte \u00fcretim s\u00fcrecinden ge\u00e7mektedirler.<\/p>\n<p>&nbsp;<\/p>\n<p>\u00dcr\u00fcn \u00d6zellikleri<\/p>\n<p>*Klasik s\u00fcrg\u00fc kapakl\u0131, naturel (ah\u015fap) kavak kutusu i\u00e7inde<br \/>\n*Ah\u015fap tepsi<br \/>\n*2 adet fincan\u0131 ve taba\u011f\u0131<br \/>\n*1 adet d\u00f6vme bak\u0131r cezve<br \/>\n*1 adet kahve saklama kab\u0131, kabartma amblemi ile<br \/>\n*1 adet t\u00fcrk kahvesi<\/p>\n","protected":false},"excerpt":{"rendered":"<p>\u2018Bir fincan kahvenin k\u0131rk y\u0131l hat\u0131r\u0131 vard\u0131r.\u2019 Kahve misafirperverlik, arkada\u015fl\u0131k ve nezaketin sembol\u00fcd\u00fcr.<\/p>\n","protected":false},"featured_media":2640,"template":"","meta":[],"product_cat":[68,56],"product_tag":[],"class_list":["post-2638","product","type-product","status-publish","has-post-thumbnail","hentry","product_cat-natural-series","product_cat-standard-items"],"_links":{"self":[{"href":"https:\/\/www.kukacollection.com\/en\/wp-json\/wp\/v2\/product\/2638","targetHints":{"allow":["GET"]}}],"collection":[{"href":"https:\/\/www.kukacollection.com\/en\/wp-json\/wp\/v2\/product"}],"about":[{"href":"https:\/\/www.kukacollection.com\/en\/wp-json\/wp\/v2\/types\/product"}],"wp:featuredmedia":[{"embeddable":true,"href":"https:\/\/www.kukacollection.com\/en\/wp-json\/wp\/v2\/media\/2640"}],"wp:attachment":[{"href":"https:\/\/www.kukacollection.com\/en\/wp-json\/wp\/v2\/media?parent=2638"}],"wp:term":[{"taxonomy":"product_cat","embeddable":true,"href":"https:\/\/www.kukacollection.com\/en\/wp-json\/wp\/v2\/product_cat?post=2638"},{"taxonomy":"product_tag","embeddable":true,"href":"https:\/\/www.kukacollection.com\/en\/wp-json\/wp\/v2\/product_tag?post=2638"}],"curies":[{"name":"wp","href":"https:\/\/api.w.org\/{rel}","templated":true}]}}