{"id":2625,"date":"2021-05-30T13:41:15","date_gmt":"2021-05-30T10:41:15","guid":{"rendered":"https:\/\/www.kukacollection.com\/?post_type=product&#038;p=2625"},"modified":"2022-06-28T10:27:22","modified_gmt":"2022-06-28T07:27:22","slug":"hamam-seti-3","status":"publish","type":"product","link":"https:\/\/www.kukacollection.com\/en\/product\/hamam-seti-3\/","title":{"rendered":"DS20 HAMAM SANDI\u011eI"},"content":{"rendered":"<p>Antik Roma\u2019dan s\u00fcregelen hamamlar yaln\u0131zca bir temizlenme, y\u0131kanma yeri de\u011fil zevk, e\u011flence ve dinlence i\u00e7in de \u00f6nemli bir yere sahiptir. Osmanl\u0131 hamamlar\u0131nda kad\u0131nlar ve erkeklerin hamama giri\u015f kap\u0131lar\u0131 ayr\u0131 yerlerde olurdu. Hamam setimizde Pamukkale travertenlerden gelen t\u00fcf ta\u015f\u0131ndan pomza, stresle ilgili ba\u015f a\u011fr\u0131lar\u0131nda etkili bir iyile\u015ftirici olan lavanta, hamam tarihimizi yans\u0131tan olmazsa olmaz el d\u00f6vmesi bak\u0131r hamam tas\u0131 ile g\u00fcn\u00fcm\u00fcz\u00fcn h\u0131zl\u0131 du\u015flar\u0131ndan farkl\u0131 ki\u015finin kendine zaman yaratt\u0131\u011f\u0131 \u00f6zel an\u0131 ya\u015fayabilmesi ve olduk\u00e7a keyifli hal getirebilmesini ama\u00e7layan bir set haz\u0131rlad\u0131k.<\/p>\n<p>&nbsp;<\/p>\n<p>\u00dcr\u00fcn \u00d6zellikleri<\/p>\n<p>*K\u0131rlang\u0131\u00e7 gece, okima antik kahve cilal\u0131 sand\u0131k<br \/>\n*2 adet naturel sabun<br \/>\n*%100 pamuklu pe\u015ftemal<br \/>\n*\u0130pek banyo kesesi<br \/>\n*Bak\u0131r hamam tas\u0131<br \/>\n*Do\u011fal pomza ta\u015f\u0131<br \/>\n*Lavanta torbas\u0131<\/p>\n","protected":false},"excerpt":{"rendered":"<p>Antik Roma\u2019dan s\u00fcregelen hamamlar yaln\u0131zca bir temizlenme, y\u0131kanma yeri de\u011fil ruhumuzu da dinginle\u015ftiren bir rit\u00fcel, zevk, e\u011flence ve dinlence i\u00e7in de \u00f6nemli bir yere sahiptir.<\/p>\n","protected":false},"featured_media":2626,"template":"","meta":[],"product_cat":[68,56],"product_tag":[],"class_list":["post-2625","product","type-product","status-publish","has-post-thumbnail","hentry","product_cat-natural-series","product_cat-standard-items"],"_links":{"self":[{"href":"https:\/\/www.kukacollection.com\/en\/wp-json\/wp\/v2\/product\/2625","targetHints":{"allow":["GET"]}}],"collection":[{"href":"https:\/\/www.kukacollection.com\/en\/wp-json\/wp\/v2\/product"}],"about":[{"href":"https:\/\/www.kukacollection.com\/en\/wp-json\/wp\/v2\/types\/product"}],"wp:featuredmedia":[{"embeddable":true,"href":"https:\/\/www.kukacollection.com\/en\/wp-json\/wp\/v2\/media\/2626"}],"wp:attachment":[{"href":"https:\/\/www.kukacollection.com\/en\/wp-json\/wp\/v2\/media?parent=2625"}],"wp:term":[{"taxonomy":"product_cat","embeddable":true,"href":"https:\/\/www.kukacollection.com\/en\/wp-json\/wp\/v2\/product_cat?post=2625"},{"taxonomy":"product_tag","embeddable":true,"href":"https:\/\/www.kukacollection.com\/en\/wp-json\/wp\/v2\/product_tag?post=2625"}],"curies":[{"name":"wp","href":"https:\/\/api.w.org\/{rel}","templated":true}]}}