{"id":2613,"date":"2021-05-30T13:17:18","date_gmt":"2021-05-30T10:17:18","guid":{"rendered":"https:\/\/www.kukacollection.com\/?post_type=product&#038;p=2613"},"modified":"2022-06-28T10:18:10","modified_gmt":"2022-06-28T07:18:10","slug":"bergama-2","status":"publish","type":"product","link":"https:\/\/www.kukacollection.com\/en\/product\/bergama-2\/","title":{"rendered":"GT20\/K BERGAMA"},"content":{"rendered":"<p>16. yy\u2019dan ba\u015flayarak, 19. yy\u2019\u0131n sonlar\u0131na dek d\u00f6rt y\u00fczy\u0131l\u0131 kapsayan d\u00f6nem i\u00e7erisinde Osmanl\u0131 \u00c7mparatorlu\u011funda bulunmu\u015f \u00e7e\u015fitli gezgin ve g\u00f6zlemcilerin eserlerinde kulland\u0131klar\u0131 grav\u00fcrler de\u011fi\u015fik bir k\u00fclt\u00fcr\u00fcn de\u011fer yap\u0131lar\u0131na g\u00f6re yap\u0131lm\u0131\u015fta olsalar o d\u00f6nemin kentlerini, mimarisini, sosyal ve k\u00fclt\u00fcrel yap\u0131s\u0131n\u0131 belgeleyen \u00f6nemli g\u00f6rsel malzemelerdir.<br \/>\nBu \u00e7al\u0131\u015fmalar Osmanl\u0131\u2019n\u0131n 700. kurulu\u015f y\u0131ld\u00f6n\u00fcm\u00fc olan 1999 y\u0131l\u0131nda \u0130stanbul\u2019da \u00fcretilmeye ba\u015flanm\u0131\u015ft\u0131r.<\/p>\n<p>&nbsp;<\/p>\n<p>\u00dcr\u00fcn \u00d6zellikleri<\/p>\n<p>Kemik efekt sentetik polimer d\u00f6k\u00fcm \u00fczerine grav\u00fcr tekni\u011fi ile boyama<br \/>\nBak\u0131r kaplama<br \/>\nAh\u015fap \u00e7er\u00e7eve<br \/>\nKahverengi paspartu<\/p>\n","protected":false},"excerpt":{"rendered":"<p>Grav\u00fcrler d\u00f6nemin kentlerini, mimarisini, sosyal ve k\u00fclt\u00fcrel yap\u0131s\u0131n\u0131 belgeleyen \u00f6nemli g\u00f6rsel malzemelerdir.<\/p>\n","protected":false},"featured_media":2614,"template":"","meta":[],"product_cat":[56,69],"product_tag":[],"class_list":["post-2613","product","type-product","status-publish","has-post-thumbnail","hentry","product_cat-standard-items","product_cat-turkey-as-woodcut"],"_links":{"self":[{"href":"https:\/\/www.kukacollection.com\/en\/wp-json\/wp\/v2\/product\/2613","targetHints":{"allow":["GET"]}}],"collection":[{"href":"https:\/\/www.kukacollection.com\/en\/wp-json\/wp\/v2\/product"}],"about":[{"href":"https:\/\/www.kukacollection.com\/en\/wp-json\/wp\/v2\/types\/product"}],"wp:featuredmedia":[{"embeddable":true,"href":"https:\/\/www.kukacollection.com\/en\/wp-json\/wp\/v2\/media\/2614"}],"wp:attachment":[{"href":"https:\/\/www.kukacollection.com\/en\/wp-json\/wp\/v2\/media?parent=2613"}],"wp:term":[{"taxonomy":"product_cat","embeddable":true,"href":"https:\/\/www.kukacollection.com\/en\/wp-json\/wp\/v2\/product_cat?post=2613"},{"taxonomy":"product_tag","embeddable":true,"href":"https:\/\/www.kukacollection.com\/en\/wp-json\/wp\/v2\/product_tag?post=2613"}],"curies":[{"name":"wp","href":"https:\/\/api.w.org\/{rel}","templated":true}]}}