{"id":2539,"date":"2021-05-30T11:27:25","date_gmt":"2021-05-30T08:27:25","guid":{"rendered":"https:\/\/www.kukacollection.com\/?post_type=product&#038;p=2539"},"modified":"2022-06-28T09:18:50","modified_gmt":"2022-06-28T06:18:50","slug":"selcuklu-kutu-2","status":"publish","type":"product","link":"https:\/\/www.kukacollection.com\/en\/product\/selcuklu-kutu-2\/","title":{"rendered":"SEL\u00c7UKLU KUTU"},"content":{"rendered":"<p>Kuka Collection dekoratif obje tasar\u0131m\u0131na da ilgi duymaktad\u0131r. \u00d6zg\u00fcn olma \u00e7abas\u0131 ve estetik de\u011ferleri g\u00f6z \u00f6n\u00fcnde tutarak \u00fcretti\u011fi dekoratif objelerin hepsi koleksiyon olmamakla beraber ayn\u0131 titizlikte \u00fcretim s\u00fcrecinden ge\u00e7mektedirler.<\/p>\n<p>&nbsp;<\/p>\n<p>\u00dcr\u00fcn \u00d6zellikleri<\/p>\n<ul>\n<li>Sapelli kaplama cilal\u0131 kutu<\/li>\n<li>Kemik eskitme efekt sentetik polimer d\u00f6k\u00fcm.<\/li>\n<\/ul>\n","protected":false},"excerpt":{"rendered":"<p>Sel\u00e7uklu d\u00f6neminin imza desenleri baz al\u0131narak tasarlanm\u0131\u015f kutular Kuka Collection dekoratif obje serisinde yerini almaktad\u0131r.<\/p>\n","protected":false},"featured_media":2544,"template":"","meta":[],"product_cat":[70,56],"product_tag":[],"class_list":["post-2539","product","type-product","status-publish","has-post-thumbnail","hentry","product_cat-decorative-massif-boxes","product_cat-standard-items"],"_links":{"self":[{"href":"https:\/\/www.kukacollection.com\/en\/wp-json\/wp\/v2\/product\/2539","targetHints":{"allow":["GET"]}}],"collection":[{"href":"https:\/\/www.kukacollection.com\/en\/wp-json\/wp\/v2\/product"}],"about":[{"href":"https:\/\/www.kukacollection.com\/en\/wp-json\/wp\/v2\/types\/product"}],"wp:featuredmedia":[{"embeddable":true,"href":"https:\/\/www.kukacollection.com\/en\/wp-json\/wp\/v2\/media\/2544"}],"wp:attachment":[{"href":"https:\/\/www.kukacollection.com\/en\/wp-json\/wp\/v2\/media?parent=2539"}],"wp:term":[{"taxonomy":"product_cat","embeddable":true,"href":"https:\/\/www.kukacollection.com\/en\/wp-json\/wp\/v2\/product_cat?post=2539"},{"taxonomy":"product_tag","embeddable":true,"href":"https:\/\/www.kukacollection.com\/en\/wp-json\/wp\/v2\/product_tag?post=2539"}],"curies":[{"name":"wp","href":"https:\/\/api.w.org\/{rel}","templated":true}]}}