{"id":2514,"date":"2021-05-30T10:54:24","date_gmt":"2021-05-30T07:54:24","guid":{"rendered":"https:\/\/www.kukacollection.com\/?post_type=product&#038;p=2514"},"modified":"2022-06-28T09:24:25","modified_gmt":"2022-06-28T06:24:25","slug":"desenli-kutu","status":"publish","type":"product","link":"https:\/\/www.kukacollection.com\/en\/product\/desenli-kutu\/","title":{"rendered":"DESENL\u0130 KUTU"},"content":{"rendered":"<p>Kuka Collection dekoratif obje tasar\u0131m\u0131na da ilgi duymaktad\u0131r. \u00d6zg\u00fcn olma \u00e7abas\u0131 ve estetik de\u011ferleri g\u00f6z \u00f6n\u00fcnde tutarak \u00fcretti\u011fi dekoratif objelerin hepsi koleksiyon olmamakla beraber ayn\u0131 titizlikte \u00fcretim s\u00fcrecinden ge\u00e7mektedirler.<\/p>\n<p>&nbsp;<\/p>\n<p>\u00dcr\u00fcn \u00d6zellikleri<\/p>\n<ul>\n<li>Sapelli kaplama cilal\u0131 kutu<\/li>\n<li>999 ayar g\u00fcm\u00fc\u015f kaplama ve oksit desenler<\/li>\n<\/ul>\n","protected":false},"excerpt":{"rendered":"<p>Bir tak\u0131m desenlerle s\u00fcslenmi\u015f kutular Kuka Collection dekoratif obje serisinde yerini almaktad\u0131r.<\/p>\n","protected":false},"featured_media":2519,"template":"","meta":[],"product_cat":[70,56],"product_tag":[],"class_list":["post-2514","product","type-product","status-publish","has-post-thumbnail","hentry","product_cat-decorative-massif-boxes","product_cat-standard-items"],"_links":{"self":[{"href":"https:\/\/www.kukacollection.com\/en\/wp-json\/wp\/v2\/product\/2514","targetHints":{"allow":["GET"]}}],"collection":[{"href":"https:\/\/www.kukacollection.com\/en\/wp-json\/wp\/v2\/product"}],"about":[{"href":"https:\/\/www.kukacollection.com\/en\/wp-json\/wp\/v2\/types\/product"}],"wp:featuredmedia":[{"embeddable":true,"href":"https:\/\/www.kukacollection.com\/en\/wp-json\/wp\/v2\/media\/2519"}],"wp:attachment":[{"href":"https:\/\/www.kukacollection.com\/en\/wp-json\/wp\/v2\/media?parent=2514"}],"wp:term":[{"taxonomy":"product_cat","embeddable":true,"href":"https:\/\/www.kukacollection.com\/en\/wp-json\/wp\/v2\/product_cat?post=2514"},{"taxonomy":"product_tag","embeddable":true,"href":"https:\/\/www.kukacollection.com\/en\/wp-json\/wp\/v2\/product_tag?post=2514"}],"curies":[{"name":"wp","href":"https:\/\/api.w.org\/{rel}","templated":true}]}}