{"id":2511,"date":"2021-05-30T10:41:48","date_gmt":"2021-05-30T07:41:48","guid":{"rendered":"https:\/\/www.kukacollection.com\/?post_type=product&#038;p=2511"},"modified":"2021-12-27T23:13:35","modified_gmt":"2021-12-27T20:13:35","slug":"harfli-kutu","status":"publish","type":"product","link":"https:\/\/www.kukacollection.com\/en\/product\/harfli-kutu\/","title":{"rendered":"HARFL\u0130 KUTU"},"content":{"rendered":"<p>Kaligrafik yaz\u0131lm\u0131\u015f ve desenlerle s\u00fcslenmi\u015f harflerin yer ald\u0131\u011f\u0131 kutular Kuka Collection\u2019un tasar\u0131m\u0131 olmakla beraber, ayn\u0131 titiz \u00fcretim s\u00fcrecinden ge\u00e7erek haz\u0131rlanm\u0131\u015ft\u0131r. Aitlik duygusunu \u00f6n plana \u00e7\u0131karmak ama\u00e7lanarak Kuka Collection\u2019un s\u00fcrekli \u00fcr\u00fcnlerinin dekoratif objeleri aras\u0131nda yerini alm\u0131\u015ft\u0131r.<\/p>\n<p>&nbsp;<\/p>\n<p>\u00dcr\u00fcn \u00d6zellikleri<\/p>\n<ul>\n<li>Sapelli kaplama cilal\u0131 kutu<\/li>\n<li>999 ayar g\u00fcm\u00fc\u015f kaplama ve oksit harfler<\/li>\n<\/ul>\n","protected":false},"excerpt":{"rendered":"<p>Kaligrafik yaz\u0131lm\u0131\u015f ve desenlerle s\u00fcslenmi\u015f harflerin yer ald\u0131\u011f\u0131 kutular<\/p>\n","protected":false},"featured_media":0,"template":"","meta":[],"product_cat":[70,56],"product_tag":[],"class_list":["post-2511","product","type-product","status-publish","hentry","product_cat-decorative-massif-boxes","product_cat-standard-items"],"_links":{"self":[{"href":"https:\/\/www.kukacollection.com\/en\/wp-json\/wp\/v2\/product\/2511","targetHints":{"allow":["GET"]}}],"collection":[{"href":"https:\/\/www.kukacollection.com\/en\/wp-json\/wp\/v2\/product"}],"about":[{"href":"https:\/\/www.kukacollection.com\/en\/wp-json\/wp\/v2\/types\/product"}],"wp:attachment":[{"href":"https:\/\/www.kukacollection.com\/en\/wp-json\/wp\/v2\/media?parent=2511"}],"wp:term":[{"taxonomy":"product_cat","embeddable":true,"href":"https:\/\/www.kukacollection.com\/en\/wp-json\/wp\/v2\/product_cat?post=2511"},{"taxonomy":"product_tag","embeddable":true,"href":"https:\/\/www.kukacollection.com\/en\/wp-json\/wp\/v2\/product_tag?post=2511"}],"curies":[{"name":"wp","href":"https:\/\/api.w.org\/{rel}","templated":true}]}}