{"id":2482,"date":"2021-05-30T09:28:48","date_gmt":"2021-05-30T06:28:48","guid":{"rendered":"https:\/\/www.kukacollection.com\/?post_type=product&#038;p=2482"},"modified":"2022-06-28T09:37:05","modified_gmt":"2022-06-28T06:37:05","slug":"tilsim-kutu","status":"publish","type":"product","link":"https:\/\/www.kukacollection.com\/en\/product\/tilsim-kutu\/","title":{"rendered":"MK03 TILSIM KUTU"},"content":{"rendered":"<p>Bir y\u00fcz\u00fcnde kimi i\u015faretler, harfler ve s\u00f6zc\u00fcklerin, di\u011fer y\u00fcz\u00fcnde ise, g\u00fczel bir s\u00fcl\u00fcs yaz\u0131 ile \u2018Ayet-\u00fcl k\u00fcrsi\u2019 nin yer ald\u0131\u011f\u0131 T\u0131ls\u0131m kutu, Kuka Collection\u2019un s\u00fcrekli \u00fcr\u00fcnlerinin dekoratif objeleri aras\u0131nda yerini alm\u0131\u015ft\u0131r.<\/p>\n<p>&nbsp;<\/p>\n<p>\u00dcr\u00fcn \u00d6zellikleri<\/p>\n<ul>\n<li>Sapelli kaplama cilal\u0131 kutu<\/li>\n<li>999 ayar g\u00fcm\u00fc\u015f kaplama ve oksit T\u0131ls\u0131m<\/li>\n<\/ul>\n","protected":false},"excerpt":{"rendered":"<p>Kimi i\u015faretler, harfler ve s\u00f6zc\u00fckler bulunan T\u0131ls\u0131m sahibine g\u00fc\u00e7, enerji, bolluk ve bir tak\u0131m ba\u015fka faydalar verdi\u011fine inan\u0131lan bir nesnedir.<\/p>\n","protected":false},"featured_media":2483,"template":"","meta":[],"product_cat":[70,56],"product_tag":[],"class_list":["post-2482","product","type-product","status-publish","has-post-thumbnail","hentry","product_cat-decorative-massif-boxes","product_cat-standard-items"],"_links":{"self":[{"href":"https:\/\/www.kukacollection.com\/en\/wp-json\/wp\/v2\/product\/2482","targetHints":{"allow":["GET"]}}],"collection":[{"href":"https:\/\/www.kukacollection.com\/en\/wp-json\/wp\/v2\/product"}],"about":[{"href":"https:\/\/www.kukacollection.com\/en\/wp-json\/wp\/v2\/types\/product"}],"wp:featuredmedia":[{"embeddable":true,"href":"https:\/\/www.kukacollection.com\/en\/wp-json\/wp\/v2\/media\/2483"}],"wp:attachment":[{"href":"https:\/\/www.kukacollection.com\/en\/wp-json\/wp\/v2\/media?parent=2482"}],"wp:term":[{"taxonomy":"product_cat","embeddable":true,"href":"https:\/\/www.kukacollection.com\/en\/wp-json\/wp\/v2\/product_cat?post=2482"},{"taxonomy":"product_tag","embeddable":true,"href":"https:\/\/www.kukacollection.com\/en\/wp-json\/wp\/v2\/product_tag?post=2482"}],"curies":[{"name":"wp","href":"https:\/\/api.w.org\/{rel}","templated":true}]}}