{"id":2476,"date":"2021-05-30T09:16:43","date_gmt":"2021-05-30T06:16:43","guid":{"rendered":"https:\/\/www.kukacollection.com\/?post_type=product&#038;p=2476"},"modified":"2022-06-28T09:37:59","modified_gmt":"2022-06-28T06:37:59","slug":"ayetul-kursi-kutu","status":"publish","type":"product","link":"https:\/\/www.kukacollection.com\/en\/product\/ayetul-kursi-kutu\/","title":{"rendered":"MK02 AYET\u2019\u00dcL K\u00dcRS\u0130 KUTU"},"content":{"rendered":"<p>Kuka Collection dekoratif obje tasar\u0131m\u0131na da ilgi duymaktad\u0131r. \u00d6zg\u00fcn olma \u00e7abas\u0131 ve estetik de\u011ferleri g\u00f6z \u00f6n\u00fcnde tutarak \u00fcretti\u011fi dekoratif objelerin hepsi koleksiyon olmamakla beraber ayn\u0131 titizlikte \u00fcretim s\u00fcrecinden ge\u00e7mektedirler.<\/p>\n<p>&nbsp;<\/p>\n<p>\u00dcr\u00fcn \u00d6zelilkleri<\/p>\n<ul>\n<li>Sapelli kaplama cilal\u0131 kutu<\/li>\n<li>999 ayar g\u00fcm\u00fc\u015f kaplama ve oksit Ayet\u2019\u00fcl K\u00fcrsi<\/li>\n<\/ul>\n","protected":false},"excerpt":{"rendered":"<p>Ayet\u2019\u00fcl K\u00fcrsi inanana mutlak g\u00fcven ve kuvvet sa\u011flar.<\/p>\n","protected":false},"featured_media":2479,"template":"","meta":[],"product_cat":[15,70,56],"product_tag":[],"class_list":["post-2476","product","type-product","status-publish","has-post-thumbnail","hentry","product_cat-uncategorized","product_cat-decorative-massif-boxes","product_cat-standard-items"],"_links":{"self":[{"href":"https:\/\/www.kukacollection.com\/en\/wp-json\/wp\/v2\/product\/2476","targetHints":{"allow":["GET"]}}],"collection":[{"href":"https:\/\/www.kukacollection.com\/en\/wp-json\/wp\/v2\/product"}],"about":[{"href":"https:\/\/www.kukacollection.com\/en\/wp-json\/wp\/v2\/types\/product"}],"wp:featuredmedia":[{"embeddable":true,"href":"https:\/\/www.kukacollection.com\/en\/wp-json\/wp\/v2\/media\/2479"}],"wp:attachment":[{"href":"https:\/\/www.kukacollection.com\/en\/wp-json\/wp\/v2\/media?parent=2476"}],"wp:term":[{"taxonomy":"product_cat","embeddable":true,"href":"https:\/\/www.kukacollection.com\/en\/wp-json\/wp\/v2\/product_cat?post=2476"},{"taxonomy":"product_tag","embeddable":true,"href":"https:\/\/www.kukacollection.com\/en\/wp-json\/wp\/v2\/product_tag?post=2476"}],"curies":[{"name":"wp","href":"https:\/\/api.w.org\/{rel}","templated":true}]}}