{"id":2468,"date":"2021-05-30T09:13:23","date_gmt":"2021-05-30T06:13:23","guid":{"rendered":"https:\/\/www.kukacollection.com\/?post_type=product&#038;p=2468"},"modified":"2022-06-28T09:39:12","modified_gmt":"2022-06-28T06:39:12","slug":"bosphorus-kutu","status":"publish","type":"product","link":"https:\/\/www.kukacollection.com\/en\/product\/bosphorus-kutu\/","title":{"rendered":"MK01 BOSPHORUS KUTU"},"content":{"rendered":"<p>Kuka Collection dekoratif obje tasar\u0131m\u0131na da ilgi duymaktad\u0131r. \u00d6zg\u00fcn olma \u00e7abas\u0131 ve estetik de\u011ferleri g\u00f6z \u00f6n\u00fcnde tutarak \u00fcretti\u011fi dekoratif objelerin hepsi koleksiyon olmamakla beraber ayn\u0131 titizlikte \u00fcretim s\u00fcrecinden ge\u00e7mektedirler.<\/p>\n<p>&nbsp;<\/p>\n<p>\u00dcr\u00fcn \u00d6zellikleri<\/p>\n<ul>\n<li>Kemik eskitme efekt sentetik polimer d\u00f6k\u00fcm.<\/li>\n<li>Sapelli kaplama cilal\u0131 kutu<\/li>\n<\/ul>\n","protected":false},"excerpt":{"rendered":"<p>Grav\u00fcrler d\u00f6nemin kentlerini, mimarisini, sosyal ve k\u00fclt\u00fcrel yap\u0131s\u0131n\u0131 belgeleyen \u00f6nemli g\u00f6rsel malzemelerdir.<\/p>\n","protected":false},"featured_media":2473,"template":"","meta":[],"product_cat":[70,56],"product_tag":[],"class_list":["post-2468","product","type-product","status-publish","has-post-thumbnail","hentry","product_cat-decorative-massif-boxes","product_cat-standard-items"],"_links":{"self":[{"href":"https:\/\/www.kukacollection.com\/en\/wp-json\/wp\/v2\/product\/2468","targetHints":{"allow":["GET"]}}],"collection":[{"href":"https:\/\/www.kukacollection.com\/en\/wp-json\/wp\/v2\/product"}],"about":[{"href":"https:\/\/www.kukacollection.com\/en\/wp-json\/wp\/v2\/types\/product"}],"wp:featuredmedia":[{"embeddable":true,"href":"https:\/\/www.kukacollection.com\/en\/wp-json\/wp\/v2\/media\/2473"}],"wp:attachment":[{"href":"https:\/\/www.kukacollection.com\/en\/wp-json\/wp\/v2\/media?parent=2468"}],"wp:term":[{"taxonomy":"product_cat","embeddable":true,"href":"https:\/\/www.kukacollection.com\/en\/wp-json\/wp\/v2\/product_cat?post=2468"},{"taxonomy":"product_tag","embeddable":true,"href":"https:\/\/www.kukacollection.com\/en\/wp-json\/wp\/v2\/product_tag?post=2468"}],"curies":[{"name":"wp","href":"https:\/\/api.w.org\/{rel}","templated":true}]}}