{"id":2466,"date":"2021-05-30T09:02:28","date_gmt":"2021-05-30T06:02:28","guid":{"rendered":"https:\/\/www.kukacollection.com\/?post_type=product&#038;p=2466"},"modified":"2022-06-28T09:46:20","modified_gmt":"2022-06-28T06:46:20","slug":"tavla-standart-boy","status":"publish","type":"product","link":"https:\/\/www.kukacollection.com\/en\/product\/tavla-standart-boy\/","title":{"rendered":"TAV 01 TAVLA"},"content":{"rendered":"<p>Tavladaki kar\u015f\u0131l\u0131kl\u0131 alt\u0131\u015far hanenin 12 ay\u0131, siyah ve\u00a0beyaz\u00a0pullar\u0131n\u00a0gece ve g\u00fcnd\u00fcz\u00fc kar\u015f\u0131l\u0131kl\u0131 on iki\u015fer hanenin de g\u00fcn\u00fcn 24 saatini temsil etti\u011fi\u00a0s\u00f6ylenir. Her ne kadar do\u011fru strateji ve plan\u0131n ba\u015far\u0131ya g\u00f6t\u00fcrd\u00fc\u011f\u00fcn\u00fc bilsekte tavladaki zar fakt\u00f6r\u00fc unutulmamas\u0131 gereken \u015feyin hayattaki \u015fans oldu\u011funu bize\u00a0hat\u0131rlat\u0131r.<\/p>\n","protected":false},"excerpt":{"rendered":"<p>Oyundaki zar unutulmamas\u0131 gereken \u015feyin hayattaki \u015fans oldu\u011funu bize\u00a0hat\u0131rlat\u0131r.<\/p>\n","protected":false},"featured_media":2463,"template":"","meta":[],"product_cat":[73,56],"product_tag":[],"class_list":["post-2466","product","type-product","status-publish","has-post-thumbnail","hentry","product_cat-games","product_cat-standard-items"],"_links":{"self":[{"href":"https:\/\/www.kukacollection.com\/en\/wp-json\/wp\/v2\/product\/2466","targetHints":{"allow":["GET"]}}],"collection":[{"href":"https:\/\/www.kukacollection.com\/en\/wp-json\/wp\/v2\/product"}],"about":[{"href":"https:\/\/www.kukacollection.com\/en\/wp-json\/wp\/v2\/types\/product"}],"wp:featuredmedia":[{"embeddable":true,"href":"https:\/\/www.kukacollection.com\/en\/wp-json\/wp\/v2\/media\/2463"}],"wp:attachment":[{"href":"https:\/\/www.kukacollection.com\/en\/wp-json\/wp\/v2\/media?parent=2466"}],"wp:term":[{"taxonomy":"product_cat","embeddable":true,"href":"https:\/\/www.kukacollection.com\/en\/wp-json\/wp\/v2\/product_cat?post=2466"},{"taxonomy":"product_tag","embeddable":true,"href":"https:\/\/www.kukacollection.com\/en\/wp-json\/wp\/v2\/product_tag?post=2466"}],"curies":[{"name":"wp","href":"https:\/\/api.w.org\/{rel}","templated":true}]}}