{"id":2454,"date":"2021-05-30T08:52:32","date_gmt":"2021-05-30T05:52:32","guid":{"rendered":"https:\/\/www.kukacollection.com\/?post_type=product&#038;p=2454"},"modified":"2022-06-28T10:12:08","modified_gmt":"2022-06-28T07:12:08","slug":"klasik-satranc-takimi","status":"publish","type":"product","link":"https:\/\/www.kukacollection.com\/en\/product\/klasik-satranc-takimi\/","title":{"rendered":"SAT02 KLAS\u0130K SATRAN\u00c7 TAKIMI"},"content":{"rendered":"<p>Satran\u00e7 MS. 6. yy\u2019da Hindistan\u2019da ortaya \u00e7\u0131km\u0131\u015ft\u0131r. Fakat daha da \u00f6ncesinde M\u0131s\u0131r piramitlerinde kabartma olarak yer ald\u0131\u011f\u0131 da s\u00f6ylenmektedir. Kurallar ve dizili\u015fler zaman i\u00e7erisinde \u00e7e\u015fitli de\u011fi\u015fiklikler g\u00f6stermi\u015ftir ve oyun 19. y\u00fczy\u0131lda bug\u00fcnk\u00fc standart halini alm\u0131\u015ft\u0131r. 20. y\u00fczy\u0131l Avrupas\u0131\u2019nda toplumun entelekt\u00fcel \u00fcst tabakalar\u0131 aras\u0131nda yay\u0131lm\u0131\u015ft\u0131r ve d\u00fcnyan\u0131n en pop\u00fcler oyunlar\u0131ndan biri haline gelmi\u015ftir. D\u00fcnya \u00e7ap\u0131nda turnuvalar\u0131 d\u00fczenlenen satran\u00e7 g\u00fcn\u00fcm\u00fczde bir spor dal\u0131 olarak kabul edilmektedir.<\/p>\n","protected":false},"excerpt":{"rendered":"<p>D\u00fcnya \u00e7ap\u0131nda turnuvalar\u0131 d\u00fczenlenen satran\u00e7 g\u00fcn\u00fcm\u00fczde bir spor dal\u0131 olarak kabul edilmektedir.<\/p>\n","protected":false},"featured_media":2455,"template":"","meta":[],"product_cat":[73,56],"product_tag":[],"class_list":["post-2454","product","type-product","status-publish","has-post-thumbnail","hentry","product_cat-games","product_cat-standard-items"],"_links":{"self":[{"href":"https:\/\/www.kukacollection.com\/en\/wp-json\/wp\/v2\/product\/2454","targetHints":{"allow":["GET"]}}],"collection":[{"href":"https:\/\/www.kukacollection.com\/en\/wp-json\/wp\/v2\/product"}],"about":[{"href":"https:\/\/www.kukacollection.com\/en\/wp-json\/wp\/v2\/types\/product"}],"wp:featuredmedia":[{"embeddable":true,"href":"https:\/\/www.kukacollection.com\/en\/wp-json\/wp\/v2\/media\/2455"}],"wp:attachment":[{"href":"https:\/\/www.kukacollection.com\/en\/wp-json\/wp\/v2\/media?parent=2454"}],"wp:term":[{"taxonomy":"product_cat","embeddable":true,"href":"https:\/\/www.kukacollection.com\/en\/wp-json\/wp\/v2\/product_cat?post=2454"},{"taxonomy":"product_tag","embeddable":true,"href":"https:\/\/www.kukacollection.com\/en\/wp-json\/wp\/v2\/product_tag?post=2454"}],"curies":[{"name":"wp","href":"https:\/\/api.w.org\/{rel}","templated":true}]}}