{"id":2448,"date":"2021-05-30T02:58:21","date_gmt":"2021-05-29T23:58:21","guid":{"rendered":"https:\/\/www.kukacollection.com\/?post_type=product&#038;p=2448"},"modified":"2021-07-07T16:23:42","modified_gmt":"2021-07-07T13:23:42","slug":"besmele-3","status":"publish","type":"product","link":"https:\/\/www.kukacollection.com\/en\/product\/besmele-3\/","title":{"rendered":"Hat 44 Besmele"},"content":{"rendered":"<p>G\u00f6bekte Besmele hat, \u00e7evresinde entrelak (giri\u015fik s\u00fcsleme) desen i\u00e7inde Fatiha Suresi. Zemin ta\u015f efekt, s\u00fcsleme ta\u015flar\u0131 ve enrelak i\u00e7i \u2018Fatiha Sureleri\u2019 parlak ve mat Oltu ta\u015f\u0131 dokusunda.<\/p>\n<p>&nbsp;<\/p>\n<p>\u00dcr\u00fcn \u00d6zellikleri<\/p>\n<ul>\n<li>Parlak ve mat Oltu ta\u015f\u0131 dokulu sentetik polimer d\u00f6k\u00fcm.<\/li>\n<li>999 ayar g\u00fcm\u00fc\u015f kaplama<\/li>\n<li>Masif ah\u015fap \u00e7er\u00e7eve<\/li>\n<li>Krem paspartu<\/li>\n<\/ul>\n","protected":false},"excerpt":{"rendered":"<p>Entrelak desen i\u00e7inde Fatiha Suresi.<\/p>\n","protected":false},"featured_media":2449,"template":"","meta":[],"product_cat":[76,56],"product_tag":[],"class_list":["post-2448","product","type-product","status-publish","has-post-thumbnail","hentry","product_cat-collections-of-hat-pieces","product_cat-standard-items"],"_links":{"self":[{"href":"https:\/\/www.kukacollection.com\/en\/wp-json\/wp\/v2\/product\/2448","targetHints":{"allow":["GET"]}}],"collection":[{"href":"https:\/\/www.kukacollection.com\/en\/wp-json\/wp\/v2\/product"}],"about":[{"href":"https:\/\/www.kukacollection.com\/en\/wp-json\/wp\/v2\/types\/product"}],"wp:featuredmedia":[{"embeddable":true,"href":"https:\/\/www.kukacollection.com\/en\/wp-json\/wp\/v2\/media\/2449"}],"wp:attachment":[{"href":"https:\/\/www.kukacollection.com\/en\/wp-json\/wp\/v2\/media?parent=2448"}],"wp:term":[{"taxonomy":"product_cat","embeddable":true,"href":"https:\/\/www.kukacollection.com\/en\/wp-json\/wp\/v2\/product_cat?post=2448"},{"taxonomy":"product_tag","embeddable":true,"href":"https:\/\/www.kukacollection.com\/en\/wp-json\/wp\/v2\/product_tag?post=2448"}],"curies":[{"name":"wp","href":"https:\/\/api.w.org\/{rel}","templated":true}]}}