{"id":2442,"date":"2021-05-30T02:54:09","date_gmt":"2021-05-29T23:54:09","guid":{"rendered":"https:\/\/www.kukacollection.com\/?post_type=product&#038;p=2442"},"modified":"2021-07-07T16:24:28","modified_gmt":"2021-07-07T13:24:28","slug":"allahin-iki-adi-ya-fettah-ya-selam","status":"publish","type":"product","link":"https:\/\/www.kukacollection.com\/en\/product\/allahin-iki-adi-ya-fettah-ya-selam\/","title":{"rendered":"Hat 38"},"content":{"rendered":"<p>Cel\u00fc s\u00fcl\u00fcs, m\u00fcsenna levha. M\u00fcsenna yaz\u0131; d\u00fcz ve ters olarak yaz\u0131lm\u0131\u015f hat istifi. Simetrik. Soldaki sa\u011fdakinin ters \u015feklidir. Ayna yaz\u0131 da denir.<\/p>\n<p>&nbsp;<\/p>\n<p>\u00dcr\u00fcn \u00d6zellikleri<\/p>\n<ul>\n<li>Ah\u015fap efekt dokulu sentetik polimer d\u00f6k\u00fcm.<\/li>\n<li>999 ayar g\u00fcm\u00fc\u015f kaplama m\u00fcsenna yaz\u0131<\/li>\n<li>Masif ah\u015fap \u00e7er\u00e7eve<\/li>\n<li>Krem paspartu<\/li>\n<\/ul>\n","protected":false},"excerpt":{"rendered":"<p>Cel\u00fc s\u00fcl\u00fcs, m\u00fcsenna levha.<\/p>\n","protected":false},"featured_media":2443,"template":"","meta":[],"product_cat":[76,56],"product_tag":[],"class_list":["post-2442","product","type-product","status-publish","has-post-thumbnail","hentry","product_cat-collections-of-hat-pieces","product_cat-standard-items"],"_links":{"self":[{"href":"https:\/\/www.kukacollection.com\/en\/wp-json\/wp\/v2\/product\/2442","targetHints":{"allow":["GET"]}}],"collection":[{"href":"https:\/\/www.kukacollection.com\/en\/wp-json\/wp\/v2\/product"}],"about":[{"href":"https:\/\/www.kukacollection.com\/en\/wp-json\/wp\/v2\/types\/product"}],"wp:featuredmedia":[{"embeddable":true,"href":"https:\/\/www.kukacollection.com\/en\/wp-json\/wp\/v2\/media\/2443"}],"wp:attachment":[{"href":"https:\/\/www.kukacollection.com\/en\/wp-json\/wp\/v2\/media?parent=2442"}],"wp:term":[{"taxonomy":"product_cat","embeddable":true,"href":"https:\/\/www.kukacollection.com\/en\/wp-json\/wp\/v2\/product_cat?post=2442"},{"taxonomy":"product_tag","embeddable":true,"href":"https:\/\/www.kukacollection.com\/en\/wp-json\/wp\/v2\/product_tag?post=2442"}],"curies":[{"name":"wp","href":"https:\/\/api.w.org\/{rel}","templated":true}]}}