{"id":2435,"date":"2021-05-30T02:48:23","date_gmt":"2021-05-29T23:48:23","guid":{"rendered":"https:\/\/www.kukacollection.com\/?post_type=product&#038;p=2435"},"modified":"2021-07-07T16:24:48","modified_gmt":"2021-07-07T13:24:48","slug":"kabe-ortusu","status":"publish","type":"product","link":"https:\/\/www.kukacollection.com\/en\/product\/kabe-ortusu\/","title":{"rendered":"Hat 37 Kabe \u00d6rt\u00fcs\u00fc"},"content":{"rendered":"<p>Geleneksel olarak her y\u0131l Arafat g\u00fcn\u00fcnde de\u011fi\u015ftirilen Kabe \u00f6rt\u00fcs\u00fc be\u015f par\u00e7adan olu\u015fur. 4 par\u00e7a Kabe\u2019nin d\u00f6rt bir yan\u0131n\u0131 \u00e7evrelerken, di\u011fer par\u00e7as\u0131 da Kabe\u2019nin kap\u0131s\u0131n\u0131 \u00f6rter. Sitare de denilen Kabe \u00f6rt\u00fcs\u00fc, siyah ibri\u015fimden imal edilir. Kuka Collection, ilk kez uygulanan teknikle haz\u0131rlad\u0131\u011f\u0131 bu eserinde, ebat ve sunumu ile d\u00fcnyada bir ilki ger\u00e7ekle\u015ftirmi\u015ftir.<br \/>\n1.Allah benim Rabbimdir.<br \/>\n2.Biz senin Kabe\u2019nin K\u0131ble olmas\u0131 y\u00f6n\u00fcndeki iste\u011fini g\u00f6r\u00fcyoruz.<br \/>\n3.Allah g\u00fczeldir.<br \/>\n4.Senin o iste\u011fini, (2. Levha) raz\u0131 oldu\u011fun \u015fekilde yerine getirece\u011fiz.<br \/>\n5.Allah benim Rabbimdir.<br \/>\n6.Rabbinizin ba\u011f\u0131\u015f\u0131na ve takva (Allah\u2019tan korkan) sahipleri i\u00e7in haz\u0131rlanm\u0131\u015f olup, geni\u015fli\u011fi g\u00f6kler ve yer kadar olan cennete ko\u015fun.<br \/>\n7.Bismillahirrahmanirrahim (Rahman ve Rahmin olan Allah\u2019\u0131n ad\u0131yla)<br \/>\n8. 9. 10. 11. Size s\u00f6ylediklerimi yak\u0131nda hat\u0131rlayacaks\u0131n\u0131z. Ben i\u015fimi Allah\u2019a havale ediyorum.<br \/>\n13. 17.21.25. Allah benim Rabbimdir.<br \/>\n14. 16. 22. 24. Ayet\u2019\u00fcl K\u00fcrsi: Bakara Suresi 255. Ayet<br \/>\n15.23. Bana Allah yeterlidir.<br \/>\n18.Alemlerin Rabb\u2019i olan Allaha hamd ederim.<br \/>\n19. Fetih Suresi. 27. Ayet<br \/>\n26. Errahmanirrahim<br \/>\n27. \u0130hlas suresi 4. Ayet<br \/>\n28. 29. 30. 31. A\u2019Raf Suresi 4. Ayet<br \/>\n34. Ancak sana kulluk ederiz ve yaln\u0131z senden medet umar\u0131z.<br \/>\n35. Kureys Suresi 1. 2. 3. 4. Ayet<br \/>\n37. 39. Allahtan ba\u015fka ilah yoktur, tek h\u00fckmeden O\u2019dur.<br \/>\n40. 41. Muhammet Allah\u2019\u0131n el\u00e7isidir ve herseyde g\u00fcvenilendir.<br \/>\n42.45. Allah benim Rabbimdir.<br \/>\n43. 44. Yaln\u0131z sana ibadet ederim, yaln\u0131z senden isterim.<\/p>\n<p>&nbsp;<\/p>\n<p>&nbsp;<\/p>\n<p>\u00dcr\u00fcn \u00d6zellikleri<\/p>\n<ul>\n<li>Ah\u015fap efekt sentetik polimer d\u00f6k\u00fcm.<\/li>\n<li>999 ayar g\u00fcm\u00fc\u015f kaplama.<\/li>\n<li>Masif ah\u015fap \u00e7er\u00e7eve<\/li>\n<li>Krem paspartu<\/li>\n<\/ul>\n","protected":false},"excerpt":{"rendered":"<p>Geleneksel olarak her y\u0131l Arafat g\u00fcn\u00fcnde de\u011fi\u015ftirilen Kabe \u00f6rt\u00fcs\u00fc be\u015f par\u00e7adan olu\u015fur.<\/p>\n","protected":false},"featured_media":2436,"template":"","meta":[],"product_cat":[76,56],"product_tag":[],"class_list":["post-2435","product","type-product","status-publish","has-post-thumbnail","hentry","product_cat-collections-of-hat-pieces","product_cat-standard-items"],"_links":{"self":[{"href":"https:\/\/www.kukacollection.com\/en\/wp-json\/wp\/v2\/product\/2435","targetHints":{"allow":["GET"]}}],"collection":[{"href":"https:\/\/www.kukacollection.com\/en\/wp-json\/wp\/v2\/product"}],"about":[{"href":"https:\/\/www.kukacollection.com\/en\/wp-json\/wp\/v2\/types\/product"}],"wp:featuredmedia":[{"embeddable":true,"href":"https:\/\/www.kukacollection.com\/en\/wp-json\/wp\/v2\/media\/2436"}],"wp:attachment":[{"href":"https:\/\/www.kukacollection.com\/en\/wp-json\/wp\/v2\/media?parent=2435"}],"wp:term":[{"taxonomy":"product_cat","embeddable":true,"href":"https:\/\/www.kukacollection.com\/en\/wp-json\/wp\/v2\/product_cat?post=2435"},{"taxonomy":"product_tag","embeddable":true,"href":"https:\/\/www.kukacollection.com\/en\/wp-json\/wp\/v2\/product_tag?post=2435"}],"curies":[{"name":"wp","href":"https:\/\/api.w.org\/{rel}","templated":true}]}}