{"id":2428,"date":"2021-05-30T02:43:25","date_gmt":"2021-05-29T23:43:25","guid":{"rendered":"https:\/\/www.kukacollection.com\/?post_type=product&#038;p=2428"},"modified":"2022-06-28T09:43:53","modified_gmt":"2022-06-28T06:43:53","slug":"nazar-ayeti-2","status":"publish","type":"product","link":"https:\/\/www.kukacollection.com\/en\/product\/nazar-ayeti-2\/","title":{"rendered":"HAT29 HAT ESER\u0130 &#8211; NAZAR"},"content":{"rendered":"<p>O inkar edenler Kuran\u2019\u0131 i\u015fittikleri zaman neredeyse seni g\u00f6zleriyle devireceklerdi. Hala da kin ve hasetlerinden hi\u00e7 \u015f\u00fcphe yok, o bir delidir derler. Oysa Kuran alemler i\u00e7in ancak bir \u00f6\u011f\u00fctt\u00fcr. Kem g\u00f6z\u00fcn nesneleri bile \u00e7atlatabildi\u011fine inan\u0131l\u0131r. K\u00fclt\u00fcr\u00fcm\u00fczde mavi ta\u015flar\u0131n yak\u0131c\u0131 g\u00fcce sahip bak\u0131\u015flar\u0131n k\u00f6t\u00fc enerjisini kendisine \u00e7ekerek yok etti\u011fi inan\u0131\u015f\u0131 yayg\u0131nd\u0131r.<\/p>\n<p>&nbsp;<\/p>\n<p>\u00dcr\u00fcn \u00d6zellikleri<\/p>\n<ul>\n<li>Ta\u015f efekt sentetik polimer d\u00f6k\u00fcm.<\/li>\n<li>999 ayar g\u00fcm\u00fc\u015f kaplama Nazar Ayeti<\/li>\n<li>Masif ah\u015fap \u00e7er\u00e7eve.<\/li>\n<li>Kahverengi, ye\u015fil, bordo, lacivert paspartu<\/li>\n<\/ul>\n","protected":false},"excerpt":{"rendered":"<p>K\u00fclt\u00fcr\u00fcm\u00fczde mavi ta\u015flar\u0131n yak\u0131c\u0131 g\u00fcce sahip bak\u0131\u015flar\u0131n k\u00f6t\u00fc enerjisini kendisine \u00e7ekerek yok etti\u011fi inan\u0131\u015f\u0131 yayg\u0131nd\u0131r.<\/p>\n","protected":false},"featured_media":2429,"template":"","meta":[],"product_cat":[71,56],"product_tag":[],"class_list":["post-2428","product","type-product","status-publish","has-post-thumbnail","hentry","product_cat-pieces-of-hat","product_cat-standard-items"],"_links":{"self":[{"href":"https:\/\/www.kukacollection.com\/en\/wp-json\/wp\/v2\/product\/2428","targetHints":{"allow":["GET"]}}],"collection":[{"href":"https:\/\/www.kukacollection.com\/en\/wp-json\/wp\/v2\/product"}],"about":[{"href":"https:\/\/www.kukacollection.com\/en\/wp-json\/wp\/v2\/types\/product"}],"wp:featuredmedia":[{"embeddable":true,"href":"https:\/\/www.kukacollection.com\/en\/wp-json\/wp\/v2\/media\/2429"}],"wp:attachment":[{"href":"https:\/\/www.kukacollection.com\/en\/wp-json\/wp\/v2\/media?parent=2428"}],"wp:term":[{"taxonomy":"product_cat","embeddable":true,"href":"https:\/\/www.kukacollection.com\/en\/wp-json\/wp\/v2\/product_cat?post=2428"},{"taxonomy":"product_tag","embeddable":true,"href":"https:\/\/www.kukacollection.com\/en\/wp-json\/wp\/v2\/product_tag?post=2428"}],"curies":[{"name":"wp","href":"https:\/\/api.w.org\/{rel}","templated":true}]}}