{"id":2422,"date":"2021-05-30T02:38:02","date_gmt":"2021-05-29T23:38:02","guid":{"rendered":"https:\/\/www.kukacollection.com\/?post_type=product&#038;p=2422"},"modified":"2022-06-28T09:07:42","modified_gmt":"2022-06-28T06:07:42","slug":"besmele-2","status":"publish","type":"product","link":"https:\/\/www.kukacollection.com\/en\/product\/besmele-2\/","title":{"rendered":"HAT 35K BESMELE"},"content":{"rendered":"<p>M\u00fcsenna yaz\u0131. T\u00fcrk hat sanat\u0131n\u0131n \u00e7a\u011fda\u015f bir yorumu olan bu tabloda genellikle klasik Celi Divan\u0131 ve d\u00f6nemin kufi yaz\u0131s\u0131n\u0131n \u00e7a\u011fda\u015f yorumlar\u0131 ve serbest kreasyonlar\u0131 y\u00f6n\u00fcnde yo\u011funla\u015f\u0131lm\u0131\u015ft\u0131r. L\u00fctfen ald\u0131\u011f\u0131n\u0131z tablonun sertifikas\u0131n\u0131 kontrol edin.<\/p>\n<p>&nbsp;<\/p>\n<p>\u00dcr\u00fcn \u00d6zellikleri<\/p>\n<ul>\n<li>Ta\u015f efekt sentetik polimer d\u00f6k\u00fcm.<\/li>\n<li>999 ayar g\u00fcm\u00fc\u015f kaplama Besmele<\/li>\n<li>Masif ah\u015fap \u00e7er\u00e7eve.<\/li>\n<li>Kahverengi, ye\u015fil paspartu<\/li>\n<\/ul>\n","protected":false},"excerpt":{"rendered":"<p>Celi Divan\u0131 ve d\u00f6nemin kufi yaz\u0131s\u0131n\u0131n \u00e7a\u011fda\u015f yorumlar\u0131 ve serbest kreasyonlar\u0131 y\u00f6n\u00fcnde yo\u011funla\u015f\u0131lm\u0131\u015ft\u0131r.<\/p>\n","protected":false},"featured_media":2423,"template":"","meta":[],"product_cat":[71,56],"product_tag":[],"class_list":["post-2422","product","type-product","status-publish","has-post-thumbnail","hentry","product_cat-pieces-of-hat","product_cat-standard-items"],"_links":{"self":[{"href":"https:\/\/www.kukacollection.com\/en\/wp-json\/wp\/v2\/product\/2422","targetHints":{"allow":["GET"]}}],"collection":[{"href":"https:\/\/www.kukacollection.com\/en\/wp-json\/wp\/v2\/product"}],"about":[{"href":"https:\/\/www.kukacollection.com\/en\/wp-json\/wp\/v2\/types\/product"}],"wp:featuredmedia":[{"embeddable":true,"href":"https:\/\/www.kukacollection.com\/en\/wp-json\/wp\/v2\/media\/2423"}],"wp:attachment":[{"href":"https:\/\/www.kukacollection.com\/en\/wp-json\/wp\/v2\/media?parent=2422"}],"wp:term":[{"taxonomy":"product_cat","embeddable":true,"href":"https:\/\/www.kukacollection.com\/en\/wp-json\/wp\/v2\/product_cat?post=2422"},{"taxonomy":"product_tag","embeddable":true,"href":"https:\/\/www.kukacollection.com\/en\/wp-json\/wp\/v2\/product_tag?post=2422"}],"curies":[{"name":"wp","href":"https:\/\/api.w.org\/{rel}","templated":true}]}}