{"id":2410,"date":"2021-05-30T02:27:12","date_gmt":"2021-05-29T23:27:12","guid":{"rendered":"https:\/\/www.kukacollection.com\/?post_type=product&#038;p=2410"},"modified":"2022-06-28T09:10:17","modified_gmt":"2022-06-28T06:10:17","slug":"ayetul-kursi","status":"publish","type":"product","link":"https:\/\/www.kukacollection.com\/en\/product\/ayetul-kursi\/","title":{"rendered":"HAT 40 HAT ESER\u0130 &#8211; AYET\u2019\u00dcL K\u00dcRS\u0130"},"content":{"rendered":"<p>Allah Teala O\u2019dur ki, kendisinden ba\u015fka hi\u00e7bir ilah (yaratan, ya\u015fatan, y\u00f6neten) yoktur. Hayy ve kayyum (kendisine mahsus bir hayat ile diri ve b\u00fct\u00fcn kainat\u0131n idaresini bizzat y\u00fcr\u00fcten) ancak odur.<\/p>\n<p>&nbsp;<\/p>\n<p>\u00dcr\u00fcn \u00d6zellikleri<\/p>\n<ul>\n<li>Ta\u015f efekt sentetik polimer d\u00f6k\u00fcm.<\/li>\n<li>999 ayar g\u00fcm\u00fc\u015f kaplama Ayet\u2019\u00fcl K\u00fcrsi<\/li>\n<li>Masif ah\u015fap \u00e7er\u00e7eve<\/li>\n<\/ul>\n","protected":false},"excerpt":{"rendered":"<p>Allah Teala O\u2019dur ki, kendisinden ba\u015fka hi\u00e7bir ilah (yaratan, ya\u015fatan, y\u00f6neten) yoktur. Hayy ve kayyum (kendisine mahsus bir hayat ile diri ve b\u00fct\u00fcn kainat\u0131n idaresini bizzat y\u00fcr\u00fcten) ancak odur. &nbsp; \u00dcr\u00fcn \u00d6zellikleri Ta\u015f efekt sentetik polimer d\u00f6k\u00fcm. 999 ayar g\u00fcm\u00fc\u015f kaplama Ayet\u2019\u00fcl K\u00fcrsi Masif ah\u015fap \u00e7er\u00e7eve<\/p>\n","protected":false},"featured_media":2411,"template":"","meta":[],"product_cat":[71,56],"product_tag":[],"class_list":["post-2410","product","type-product","status-publish","has-post-thumbnail","hentry","product_cat-pieces-of-hat","product_cat-standard-items"],"_links":{"self":[{"href":"https:\/\/www.kukacollection.com\/en\/wp-json\/wp\/v2\/product\/2410","targetHints":{"allow":["GET"]}}],"collection":[{"href":"https:\/\/www.kukacollection.com\/en\/wp-json\/wp\/v2\/product"}],"about":[{"href":"https:\/\/www.kukacollection.com\/en\/wp-json\/wp\/v2\/types\/product"}],"wp:featuredmedia":[{"embeddable":true,"href":"https:\/\/www.kukacollection.com\/en\/wp-json\/wp\/v2\/media\/2411"}],"wp:attachment":[{"href":"https:\/\/www.kukacollection.com\/en\/wp-json\/wp\/v2\/media?parent=2410"}],"wp:term":[{"taxonomy":"product_cat","embeddable":true,"href":"https:\/\/www.kukacollection.com\/en\/wp-json\/wp\/v2\/product_cat?post=2410"},{"taxonomy":"product_tag","embeddable":true,"href":"https:\/\/www.kukacollection.com\/en\/wp-json\/wp\/v2\/product_tag?post=2410"}],"curies":[{"name":"wp","href":"https:\/\/api.w.org\/{rel}","templated":true}]}}