{"id":2403,"date":"2021-05-30T02:19:33","date_gmt":"2021-05-29T23:19:33","guid":{"rendered":"https:\/\/www.kukacollection.com\/?post_type=product&#038;p=2403"},"modified":"2022-06-28T09:11:01","modified_gmt":"2022-06-28T06:11:01","slug":"araf-suresi","status":"publish","type":"product","link":"https:\/\/www.kukacollection.com\/en\/product\/araf-suresi\/","title":{"rendered":"HAT 41 HAT ESER\u0130 &#8211; A\u2019RAF SURES\u0130"},"content":{"rendered":"<p>Adem ile Havva dediler k; Ey Rabbimiz biz kendimize zulmettik. E\u011fer bizi ba\u011f\u0131\u015flamaz ve bize ac\u0131mazsan mutlaka ziyan edenlerden oluruz.<\/p>\n<p>&nbsp;<\/p>\n<p>\u00dcr\u00fcn \u00d6zellikleri<\/p>\n<ul>\n<li>Ta\u015f efekt sentetik polimer d\u00f6k\u00fcm.<\/li>\n<li>999 ayar g\u00fcm\u00fc\u015f kaplama A\u2019raf Suresi<\/li>\n<li>Masif ah\u015fap \u00e7er\u00e7eve<\/li>\n<\/ul>\n","protected":false},"excerpt":{"rendered":"<p>Adem ile Havva dediler k; Ey Rabbimiz biz kendimize zulmettik. E\u011fer bizi ba\u011f\u0131\u015flamaz ve bize ac\u0131mazsan mutlaka ziyan edenlerden oluruz. &nbsp; \u00dcr\u00fcn \u00d6zellikleri Ta\u015f efekt sentetik polimer d\u00f6k\u00fcm. 999 ayar g\u00fcm\u00fc\u015f kaplama A\u2019raf Suresi Masif ah\u015fap \u00e7er\u00e7eve<\/p>\n","protected":false},"featured_media":2404,"template":"","meta":[],"product_cat":[71,56],"product_tag":[],"class_list":["post-2403","product","type-product","status-publish","has-post-thumbnail","hentry","product_cat-pieces-of-hat","product_cat-standard-items"],"_links":{"self":[{"href":"https:\/\/www.kukacollection.com\/en\/wp-json\/wp\/v2\/product\/2403","targetHints":{"allow":["GET"]}}],"collection":[{"href":"https:\/\/www.kukacollection.com\/en\/wp-json\/wp\/v2\/product"}],"about":[{"href":"https:\/\/www.kukacollection.com\/en\/wp-json\/wp\/v2\/types\/product"}],"wp:featuredmedia":[{"embeddable":true,"href":"https:\/\/www.kukacollection.com\/en\/wp-json\/wp\/v2\/media\/2404"}],"wp:attachment":[{"href":"https:\/\/www.kukacollection.com\/en\/wp-json\/wp\/v2\/media?parent=2403"}],"wp:term":[{"taxonomy":"product_cat","embeddable":true,"href":"https:\/\/www.kukacollection.com\/en\/wp-json\/wp\/v2\/product_cat?post=2403"},{"taxonomy":"product_tag","embeddable":true,"href":"https:\/\/www.kukacollection.com\/en\/wp-json\/wp\/v2\/product_tag?post=2403"}],"curies":[{"name":"wp","href":"https:\/\/api.w.org\/{rel}","templated":true}]}}