{"id":2391,"date":"2021-05-30T02:08:18","date_gmt":"2021-05-29T23:08:18","guid":{"rendered":"https:\/\/www.kukacollection.com\/?post_type=product&#038;p=2391"},"modified":"2022-06-28T09:11:56","modified_gmt":"2022-06-28T06:11:56","slug":"tislim","status":"publish","type":"product","link":"https:\/\/www.kukacollection.com\/en\/product\/tislim\/","title":{"rendered":"HAT 43 HAT ESER\u0130 &#8211; TILSIM"},"content":{"rendered":"<p>Esma\u2019\u00fcl H\u00fcsna (Allah\u2019\u0131n g\u00fczel adlar\u0131)\u2019ndan 19 tanesi ve onlar\u0131n \u00e7er\u00e7eveledi\u011fi b\u00f6l\u00fcmlerde kimi i\u015faretler, harfler ve s\u00f6zc\u00fckler bulunmaktad\u0131r. Di\u011fer y\u00fcz\u00fcnde ise, g\u00fczel bir s\u00fcl\u00fcs yaz\u0131 ile \u2018Ayet-\u00fcl k\u00fcrsi\u2019 yer al\u0131r.<\/p>\n<p>&nbsp;<\/p>\n<p>\u00dcr\u00fcn \u00d6zellikleri<\/p>\n<ul>\n<li>Ta\u015f efekt sentetik polimer d\u00f6k\u00fcm.<\/li>\n<li>999 ayar g\u00fcm\u00fc\u015f kaplama T\u0131ls\u0131m<\/li>\n<li>Masif ah\u015fap \u00e7er\u00e7eve<\/li>\n<\/ul>\n","protected":false},"excerpt":{"rendered":"<p>Kimi i\u015faretler, harfler ve s\u00f6zc\u00fckler bulunan T\u0131ls\u0131m sahibine g\u00fc\u00e7, enerji, bolluk ve bir tak\u0131m ba\u015fka faydalar verdi\u011fine inan\u0131lan bir nesnedir.<\/p>\n","protected":false},"featured_media":2392,"template":"","meta":[],"product_cat":[71,56],"product_tag":[],"class_list":["post-2391","product","type-product","status-publish","has-post-thumbnail","hentry","product_cat-pieces-of-hat","product_cat-standard-items"],"_links":{"self":[{"href":"https:\/\/www.kukacollection.com\/en\/wp-json\/wp\/v2\/product\/2391","targetHints":{"allow":["GET"]}}],"collection":[{"href":"https:\/\/www.kukacollection.com\/en\/wp-json\/wp\/v2\/product"}],"about":[{"href":"https:\/\/www.kukacollection.com\/en\/wp-json\/wp\/v2\/types\/product"}],"wp:featuredmedia":[{"embeddable":true,"href":"https:\/\/www.kukacollection.com\/en\/wp-json\/wp\/v2\/media\/2392"}],"wp:attachment":[{"href":"https:\/\/www.kukacollection.com\/en\/wp-json\/wp\/v2\/media?parent=2391"}],"wp:term":[{"taxonomy":"product_cat","embeddable":true,"href":"https:\/\/www.kukacollection.com\/en\/wp-json\/wp\/v2\/product_cat?post=2391"},{"taxonomy":"product_tag","embeddable":true,"href":"https:\/\/www.kukacollection.com\/en\/wp-json\/wp\/v2\/product_tag?post=2391"}],"curies":[{"name":"wp","href":"https:\/\/api.w.org\/{rel}","templated":true}]}}