{"id":2346,"date":"2021-05-29T23:28:37","date_gmt":"2021-05-29T20:28:37","guid":{"rendered":"https:\/\/www.kukacollection.com\/?post_type=product&#038;p=2346"},"modified":"2022-06-28T08:52:56","modified_gmt":"2022-06-28T05:52:56","slug":"ata-saat","status":"publish","type":"product","link":"https:\/\/www.kukacollection.com\/en\/product\/ata-saat\/","title":{"rendered":"ST19 Ata Saat"},"content":{"rendered":"<p>Atat\u00fcrk serisi ba\u015fl\u0131\u011f\u0131 alt\u0131nda toplanm\u0131\u015f olan benzer eserlerin devam\u0131 olan Ata Saat, Ata\u2019m\u0131z\u0131n Kocatepe resminin Kuka Collection\u2019\u0131n \u00f6zel tasar\u0131m ve \u00fcretim tekni\u011fi olan grav\u00fcr tekni\u011fi ile sunumudur. Tasar\u0131mlar\u0131m\u0131z kopyalanamaz, L\u00fctfen ald\u0131\u011f\u0131n\u0131z tablonun sertifikas\u0131n\u0131 kontrol edin.<\/p>\n<p>&nbsp;<\/p>\n<p>&nbsp;<\/p>\n","protected":false},"excerpt":{"rendered":"<p>Ata\u2019m\u0131z\u0131n Kocatepe resminin Kuka Collection\u2019\u0131n \u00f6zel tasar\u0131m ve \u00fcretim tekni\u011fi olan grav\u00fcr tekni\u011fi ile sunumudur.<\/p>\n","protected":false},"featured_media":2347,"template":"","meta":[],"product_cat":[72,56],"product_tag":[],"class_list":["post-2346","product","type-product","status-publish","has-post-thumbnail","hentry","product_cat-ataturk-series","product_cat-standard-items"],"_links":{"self":[{"href":"https:\/\/www.kukacollection.com\/en\/wp-json\/wp\/v2\/product\/2346","targetHints":{"allow":["GET"]}}],"collection":[{"href":"https:\/\/www.kukacollection.com\/en\/wp-json\/wp\/v2\/product"}],"about":[{"href":"https:\/\/www.kukacollection.com\/en\/wp-json\/wp\/v2\/types\/product"}],"wp:featuredmedia":[{"embeddable":true,"href":"https:\/\/www.kukacollection.com\/en\/wp-json\/wp\/v2\/media\/2347"}],"wp:attachment":[{"href":"https:\/\/www.kukacollection.com\/en\/wp-json\/wp\/v2\/media?parent=2346"}],"wp:term":[{"taxonomy":"product_cat","embeddable":true,"href":"https:\/\/www.kukacollection.com\/en\/wp-json\/wp\/v2\/product_cat?post=2346"},{"taxonomy":"product_tag","embeddable":true,"href":"https:\/\/www.kukacollection.com\/en\/wp-json\/wp\/v2\/product_tag?post=2346"}],"curies":[{"name":"wp","href":"https:\/\/api.w.org\/{rel}","templated":true}]}}