{"id":2342,"date":"2021-05-29T23:25:30","date_gmt":"2021-05-29T20:25:30","guid":{"rendered":"https:\/\/www.kukacollection.com\/?post_type=product&#038;p=2342"},"modified":"2022-06-28T08:56:18","modified_gmt":"2022-06-28T05:56:18","slug":"ata-oval-tablo-3","status":"publish","type":"product","link":"https:\/\/www.kukacollection.com\/en\/product\/ata-oval-tablo-3\/","title":{"rendered":"T09\/K Ata Oval Tablo"},"content":{"rendered":"<p>Atat\u00fcrk serisi ba\u015fl\u0131\u011f\u0131 alt\u0131nda toplanm\u0131\u015f olan benzer eserlerin devam\u0131 olan Ata Oval tablo yine Kuka Collection\u2019\u0131n \u00f6zel tasar\u0131m ve \u00fcretim tekni\u011fi ile haz\u0131rlanm\u0131\u015ft\u0131r. Tasar\u0131mlar\u0131m\u0131z kopyalanamaz, L\u00fctfen ald\u0131\u011f\u0131n\u0131z tablonun sertifikas\u0131n\u0131 kontrol edin.<\/p>\n<p>&nbsp;<\/p>\n<p>\u00dcr\u00fcn \u00d6zellikleri<\/p>\n<ul>\n<li>Kemik eskitme efekt sentetik polimer d\u00f6k\u00fcm.<\/li>\n<li>Masif ah\u015fap \u00e7er\u00e7eve<\/li>\n<li>Kahverengi paspartu<\/li>\n<\/ul>\n","protected":false},"excerpt":{"rendered":"<p>Atat\u00fcrk serisi ba\u015fl\u0131\u011f\u0131 alt\u0131nda toplanm\u0131\u015f olan benzer eserlerin devam\u0131d\u0131r.<\/p>\n","protected":false},"featured_media":2343,"template":"","meta":[],"product_cat":[72,56],"product_tag":[],"class_list":["post-2342","product","type-product","status-publish","has-post-thumbnail","hentry","product_cat-ataturk-series","product_cat-standard-items"],"_links":{"self":[{"href":"https:\/\/www.kukacollection.com\/en\/wp-json\/wp\/v2\/product\/2342","targetHints":{"allow":["GET"]}}],"collection":[{"href":"https:\/\/www.kukacollection.com\/en\/wp-json\/wp\/v2\/product"}],"about":[{"href":"https:\/\/www.kukacollection.com\/en\/wp-json\/wp\/v2\/types\/product"}],"wp:featuredmedia":[{"embeddable":true,"href":"https:\/\/www.kukacollection.com\/en\/wp-json\/wp\/v2\/media\/2343"}],"wp:attachment":[{"href":"https:\/\/www.kukacollection.com\/en\/wp-json\/wp\/v2\/media?parent=2342"}],"wp:term":[{"taxonomy":"product_cat","embeddable":true,"href":"https:\/\/www.kukacollection.com\/en\/wp-json\/wp\/v2\/product_cat?post=2342"},{"taxonomy":"product_tag","embeddable":true,"href":"https:\/\/www.kukacollection.com\/en\/wp-json\/wp\/v2\/product_tag?post=2342"}],"curies":[{"name":"wp","href":"https:\/\/api.w.org\/{rel}","templated":true}]}}