{"id":2250,"date":"2021-05-15T01:12:23","date_gmt":"2021-05-14T22:12:23","guid":{"rendered":"https:\/\/www.kukacollection.com\/?post_type=product&#038;p=2250"},"modified":"2022-06-28T09:03:42","modified_gmt":"2022-06-28T06:03:42","slug":"time-ataturk","status":"publish","type":"product","link":"https:\/\/www.kukacollection.com\/en\/product\/time-ataturk\/","title":{"rendered":"T06 Time Atat\u00fcrk"},"content":{"rendered":"<p>Atat\u00fcrk serisi ba\u015fl\u0131\u011f\u0131 alt\u0131nda toplanm\u0131\u015f olan benzer eserlerin ilki Cumhuriyetimizin 75. Kurulu\u015f y\u0131ld\u00f6n\u00fcm\u00fc an\u0131s\u0131na haz\u0131rlanan TIME dergi kapa\u011f\u0131n\u0131n uyarlanmas\u0131 ile hayata ge\u00e7irilen Time Atat\u00fcrk tablosudur. Kuka Collection\u2019\u0131n \u00f6zel tasar\u0131m ve \u00fcretim tekni\u011fi ile haz\u0131rlanan bu eseri ayn\u0131 teknik ile \u00fcretilecek Atat\u00fcrk resim ve portreleri izlemektedir.<\/p>\n<p><strong>\u00dcr\u00fcn \u00d6zellikleri<\/strong><\/p>\n<ul>\n<li>Masif ah\u015fap \u00e7er\u00e7eve.<\/li>\n<li>999 ayar g\u00fcm\u00fc\u015f kaplama grav\u00fcr.<\/li>\n<li>Kemik efekt sentetik polimer d\u00f6k\u00fcm<\/li>\n<\/ul>\n","protected":false},"excerpt":{"rendered":"<p>Cumhuriyetimizin 75. Kurulu\u015f y\u0131ld\u00f6n\u00fcm\u00fc an\u0131s\u0131na haz\u0131rlanan TIME dergi kapa\u011f\u0131n\u0131n uyarlanmas\u0131 ile hayata ge\u00e7irilen Time Atat\u00fcrk tablosudur.<\/p>\n","protected":false},"featured_media":2252,"template":"","meta":[],"product_cat":[72,56],"product_tag":[],"class_list":["post-2250","product","type-product","status-publish","has-post-thumbnail","hentry","product_cat-ataturk-series","product_cat-standard-items"],"_links":{"self":[{"href":"https:\/\/www.kukacollection.com\/en\/wp-json\/wp\/v2\/product\/2250","targetHints":{"allow":["GET"]}}],"collection":[{"href":"https:\/\/www.kukacollection.com\/en\/wp-json\/wp\/v2\/product"}],"about":[{"href":"https:\/\/www.kukacollection.com\/en\/wp-json\/wp\/v2\/types\/product"}],"wp:featuredmedia":[{"embeddable":true,"href":"https:\/\/www.kukacollection.com\/en\/wp-json\/wp\/v2\/media\/2252"}],"wp:attachment":[{"href":"https:\/\/www.kukacollection.com\/en\/wp-json\/wp\/v2\/media?parent=2250"}],"wp:term":[{"taxonomy":"product_cat","embeddable":true,"href":"https:\/\/www.kukacollection.com\/en\/wp-json\/wp\/v2\/product_cat?post=2250"},{"taxonomy":"product_tag","embeddable":true,"href":"https:\/\/www.kukacollection.com\/en\/wp-json\/wp\/v2\/product_tag?post=2250"}],"curies":[{"name":"wp","href":"https:\/\/api.w.org\/{rel}","templated":true}]}}